{"id":632,"date":"2017-02-02T14:27:30","date_gmt":"2017-02-02T14:27:30","guid":{"rendered":"http:\/\/test.kriesi.at\/enfold-2017\/?page_id=632"},"modified":"2021-10-18T06:19:57","modified_gmt":"2021-10-18T04:19:57","slug":"contact","status":"publish","type":"page","link":"https:\/\/luminescence77.fr\/index.php\/pages\/contact\/","title":{"rendered":"CONTACT"},"content":{"rendered":"<div id='av_gmap_1' class='avia-google-map-container ' data-mapid='1' style='height: 400px;'><\/div>\n<\/div><\/div><\/div><!-- close content main div --><\/div><\/div><div id='av_section_1' class='avia-section main_color avia-section-large avia-no-border-styling avia-bg-style-scroll   container_wrap sidebar_right'   ><div class='container' ><div class='template-page content  av-content-small alpha units'><div class='post-entry post-entry-type-page post-entry-632'><div class='entry-content-wrapper clearfix'>\n<div style='padding-bottom:20px;color:#c6a35c;font-size:40px;' class='av-special-heading av-special-heading-h1 custom-color-heading blockquote modern-quote modern-centered   av-inherit-size '><h1 class='av-special-heading-tag '  itemprop=\"headline\"  >Contactez-moi !<\/h1><div class='special-heading-border'><div class='special-heading-inner-border' style='border-color:#c6a35c'><\/div><\/div><\/div>\n<div class='avia-image-container  av-styling-    avia-align-center '  itemscope=\"itemscope\" itemtype=\"https:\/\/schema.org\/ImageObject\"  ><div class='avia-image-container-inner'><img class='avia_image ' src='https:\/\/luminescence77.fr\/wp-content\/uploads\/2017\/12\/picto-lotus-01-1.png' alt='' title='picto-lotus-01'   itemprop=\"thumbnailUrl\"  \/><\/div><\/div>\n<div class=\"flex_column av_one_full  flex_column_div av-zero-column-padding first  \" style='border-radius:0px; '><section class=\"av_textblock_section \"  itemscope=\"itemscope\" itemtype=\"https:\/\/schema.org\/CreativeWork\" ><div class='avia_textblock  '   itemprop=\"text\" ><p style=\"text-align: center;\"><strong>ADDRESSE<\/strong><\/p>\n<p style=\"text-align: center;\">Galerie Saint-Aspais<\/p>\n<p style=\"text-align: center;\">14 rue Saint-Aspais<br \/>\n77000 Melun<\/p>\n<p style=\"text-align: center;\"><strong>CONTACT<\/strong><\/p>\n<p style=\"text-align: center;\"><span \n                data-original-string='4XhlJcf5BwInG4VS9KrLxA==f8cejPZ4TpXnQAryIEnHeHjV38MI5RgpxQXEeSL2Ifka00='\n                class='apbct-email-encoder'\n                title='This contact has been encoded by Anti-Spam by CleanTalk. Click to decode. To finish the decoding make sure that JavaScript is enabled in your browser.'>co<span class=\"apbct-blur\">*****<\/span>@<span class=\"apbct-blur\">************<\/span>77.fr<\/span><br \/>\nt\u00e9l. \/ sms : 06 40 89 12 71<\/p>\n<h4><\/h4>\n<\/div><\/section><\/div><div style='height:50px' class='hr hr-invisible  '><span class='hr-inner ' ><span class='hr-inner-style'><\/span><\/span><\/div>\n<div class=\"flex_column av_one_full  flex_column_div av-zero-column-padding first  \" style='border-radius:0px; '><form action=\"https:\/\/luminescence77.fr\/index.php\/pages\/contact\/\" method=\"post\"  class=\"avia_ajax_form av-form-labels-visible   av-custom-form-color av-dark-form \" data-avia-form-id=\"1\" data-avia-redirect=''><fieldset><p class=' first_form  form_element form_element_half' id='element_avia_1_1'><label for=\"avia_1_1\">Nom <abbr class=\"required\" title=\"requis\">*<\/abbr><\/label> <input name=\"avia_1_1\" class=\"text_input is_empty\" type=\"text\" id=\"avia_1_1\" value=\"\" \/><\/p><p class=' form_element form_element_half' id='element_avia_2_1'><label for=\"avia_2_1\">Pr\u00e9nom<\/label> <input name=\"avia_2_1\" class=\"text_input \" type=\"text\" id=\"avia_2_1\" value=\"\" \/><\/p><p class=' first_form  form_element form_fullwidth' id='element_avia_3_1'><label for=\"avia_3_1\">Date de naissance <abbr class=\"required\" title=\"requis\">*<\/abbr><\/label> <input name=\"avia_3_1\" class=\"avia_datepicker text_input is_empty\" type=\"text\" id=\"avia_3_1\" value=\"\" placeholder=\"DD \/ MM \/ YY\" \/><\/p><p class=' first_form  form_element form_element_half' id='element_avia_4_1'><label for=\"avia_4_1\">Num\u00e9ro t\u00e9l\u00e9phone <abbr class=\"required\" title=\"requis\">*<\/abbr><\/label> <input name=\"avia_4_1\" class=\"text_input is_empty\" type=\"text\" id=\"avia_4_1\" value=\"\" \/><\/p><p class=' form_element form_element_half' id='element_avia_5_1'><label for=\"avia_5_1\">E-Mail <abbr class=\"required\" title=\"requis\">*<\/abbr><\/label> <input name=\"avia_5_1\" class=\"text_input is_email\" type=\"text\" id=\"avia_5_1\" value=\"\" \/><\/p><p class=' first_form  form_element form_fullwidth' id='element_avia_6_1'><label for=\"avia_6_1\">Sujet <abbr class=\"required\" title=\"requis\">*<\/abbr><\/label> <input name=\"avia_6_1\" class=\"text_input is_empty\" type=\"text\" id=\"avia_6_1\" value=\"\" \/><\/p><p class=' first_form  form_element form_fullwidth' id='element_avia_7_1'>\t <label for=\"avia_7_1\" class=\"textare_label hidden textare_label_avia_7_1\">Message <abbr class=\"required\" title=\"requis\">*<\/abbr><\/label>\t <textarea  name=\"avia_7_1\" class=\"text_area is_empty\" cols=\"40\" rows=\"7\" id=\"avia_7_1\" ><\/textarea><\/p><p class=\"hidden\"><input type=\"text\" name=\"avia_8_1\" class=\"hidden \" id=\"avia_8_1\" value=\"\" \/><\/p><p class='' id='element_avia_9_1'>    <span class='value_verifier_label'>3 + 1 = ?<\/span>    <input name=\"avia_9_1_verifier\" type=\"hidden\" id=\"avia_9_1_verifier\" value=\"145633647\"\/><label for=\"avia_9_1\">Pour prouver que vous \u00eates un humain, donnez le r\u00e9sultat de cette simple op\u00e9ration <abbr class=\"required\" title=\"requis\">*<\/abbr><\/label>    <input name=\"avia_9_1\" class=\"text_input captcha\" type=\"text\" id=\"avia_9_1\" value=\"\"\/><\/p><p class=\"form_element \"><input type=\"hidden\" value=\"1\" name=\"avia_generated_form1\" \/><input type=\"submit\" value=\"Envoyer\" class=\"button\"  data-sending-label=\"Envoi\"\/><\/p><\/fieldset><\/form><div id=\"ajaxresponse_1\" class=\"ajaxresponse ajaxresponse_1 hidden\"><\/div><\/div><\/div><\/div><\/div><!-- close content main div --><\/div><div class='av-extra-border-element border-extra-arrow-down'><div class='av-extra-border-outer'><div class='av-extra-border-inner'  style='background-color:#ffffff;' ><\/div><\/div><\/div><\/div><div id='after_section_1' class='main_color av_default_container_wrap container_wrap sidebar_right'   ><div class='container' ><div class='template-page content  av-content-small alpha units'><div class='post-entry post-entry-type-page post-entry-632'><div class='entry-content-wrapper clearfix'><\/div><\/div><\/div><!-- close content main div --><\/div><div class='av-extra-border-element border-extra-arrow-down'><div class='av-extra-border-outer'><div class='av-extra-border-inner'  style='background-color:#ffffff;' ><\/div><\/div><\/div><\/div><div id='newsletter' class='avia-section main_color avia-section-huge avia-no-border-styling avia-full-stretch av-section-color-overlay-active avia-bg-style-fixed   container_wrap sidebar_right' style = 'background-repeat: no-repeat; background-image: url(https:\/\/luminescence77.fr\/wp-content\/uploads\/2017\/11\/DSC6255-300x200.jpg); background-attachment: fixed; background-position: center center; ' data-section-bg-repeat='stretch' ><div class='av-section-color-overlay-wrap'><div class='av-section-color-overlay' style='opacity: 0.9; background-color: #35383c; '><\/div><div class='container' ><div class='template-page content  av-content-small alpha units'><div class='post-entry post-entry-type-page post-entry-632'><div class='entry-content-wrapper clearfix'>\n<div style='padding-bottom:20px;color:#ffffff;font-size:40px;' class='av-special-heading av-special-heading-h1 custom-color-heading blockquote modern-quote modern-centered   av-inherit-size '><h1 class='av-special-heading-tag '  itemprop=\"headline\"  >Si vous souhaitez suivre les actualit\u00e9s de Luminescence, inscrivez-vous \u00e0 notre newsletter<\/h1><div class='special-heading-border'><div class='special-heading-inner-border' style='border-color:#ffffff'><\/div><\/div><\/div>\n<div class=\"flex_column av_one_fifth  av-animated-generic fade-in  flex_column_div av-zero-column-padding first  \" style='border-radius:0px; '><\/div><div class=\"flex_column av_three_fifth  av-animated-generic fade-in  flex_column_div av-zero-column-padding   \" style='border-radius:0px; '><form action=\"https:\/\/luminescence77.fr\/index.php\/pages\/contact\/\" method=\"post\"  class=\"avia_ajax_form av-form-labels-hidden   av-centered-form  av-custom-form-color av-light-form \" data-avia-form-id=\"2\" data-avia-redirect=''><fieldset><p class=' first_form  form_element form_element_third' id='element_avia_1_2'> <input name=\"avia_1_2\" class=\"text_input is_empty\" type=\"text\" id=\"avia_1_2\" value=\"\"  placeholder='Nom*'\/><\/p><p class=' form_element form_element_third' id='element_avia_2_2'> <input name=\"avia_2_2\" class=\"text_input \" type=\"text\" id=\"avia_2_2\" value=\"\"  placeholder='Pr\u00e9nom'\/><\/p><p class=' form_element form_element_third av-last-visible-form-element' id='element_avia_3_2'> <input name=\"avia_3_2\" class=\"text_input is_email\" type=\"text\" id=\"avia_3_2\" value=\"\"  placeholder='E-Mail*'\/><\/p><p class=\"hidden\"><input type=\"text\" name=\"avia_4_2\" class=\"hidden \" id=\"avia_4_2\" value=\"\" \/><\/p><p class=\"form_element \"><input type=\"hidden\" value=\"1\" name=\"avia_generated_form2\" \/><input type=\"submit\" value=\"Souscrire\" class=\"button\"  data-sending-label=\"Envoi\"\/><\/p><\/fieldset><\/form><div id=\"ajaxresponse_2\" class=\"ajaxresponse ajaxresponse_2 hidden\"><\/div><\/div><div class=\"flex_column av_one_fifth  av-animated-generic fade-in  flex_column_div av-zero-column-padding   \" style='border-radius:0px; '><\/div>\n<\/div><\/div><\/div><!-- close content main div --><\/div><\/div><\/div><div id='after_section_2' class='main_color av_default_container_wrap container_wrap sidebar_right'   ><div class='container' ><div class='template-page content  av-content-small alpha units'><div class='post-entry post-entry-type-page post-entry-632'><div class='entry-content-wrapper clearfix'><\/p>\n","protected":false},"excerpt":{"rendered":"","protected":false},"author":1,"featured_media":0,"parent":603,"menu_order":0,"comment_status":"closed","ping_status":"closed","template":"","meta":[],"yoast_head":"<!-- This site is optimized with the Yoast SEO plugin v16.2 - https:\/\/yoast.com\/wordpress\/plugins\/seo\/ -->\n<title>CONTACT &#8902; LUMINESCENCE<\/title>\n<meta name=\"robots\" content=\"index, follow, max-snippet:-1, max-image-preview:large, max-video-preview:-1\" \/>\n<link rel=\"canonical\" href=\"https:\/\/luminescence77.fr\/index.php\/pages\/contact\/\" \/>\n<meta property=\"og:locale\" content=\"fr_FR\" \/>\n<meta property=\"og:type\" content=\"article\" \/>\n<meta property=\"og:title\" content=\"CONTACT &#8902; LUMINESCENCE\" \/>\n<meta property=\"og:url\" content=\"https:\/\/luminescence77.fr\/index.php\/pages\/contact\/\" \/>\n<meta property=\"og:site_name\" content=\"LUMINESCENCE\" \/>\n<meta property=\"article:modified_time\" content=\"2021-10-18T04:19:57+00:00\" \/>\n<meta name=\"twitter:card\" content=\"summary_large_image\" \/>\n<meta name=\"twitter:label1\" content=\"Dur\u00e9e de lecture est.\">\n\t<meta name=\"twitter:data1\" content=\"2 minutes\">\n<script type=\"application\/ld+json\" class=\"yoast-schema-graph\">{\"@context\":\"https:\/\/schema.org\",\"@graph\":[{\"@type\":\"Organization\",\"@id\":\"https:\/\/luminescence77.fr\/#organization\",\"name\":\"LUMINESCENCE\",\"url\":\"https:\/\/luminescence77.fr\/\",\"sameAs\":[],\"logo\":{\"@type\":\"ImageObject\",\"@id\":\"https:\/\/luminescence77.fr\/#logo\",\"inLanguage\":\"fr-FR\",\"url\":\"http:\/\/luminescence77.fr\/wp-content\/uploads\/2017\/02\/LOGO-COUL-OK.png\",\"contentUrl\":\"http:\/\/luminescence77.fr\/wp-content\/uploads\/2017\/02\/LOGO-COUL-OK.png\",\"width\":1000,\"height\":803,\"caption\":\"LUMINESCENCE\"},\"image\":{\"@id\":\"https:\/\/luminescence77.fr\/#logo\"}},{\"@type\":\"WebSite\",\"@id\":\"https:\/\/luminescence77.fr\/#website\",\"url\":\"https:\/\/luminescence77.fr\/\",\"name\":\"LUMINESCENCE\",\"description\":\"LA THERAPIE DU BIEN-\\u00caTRE\",\"publisher\":{\"@id\":\"https:\/\/luminescence77.fr\/#organization\"},\"potentialAction\":[{\"@type\":\"SearchAction\",\"target\":\"https:\/\/luminescence77.fr\/?s={search_term_string}\",\"query-input\":\"required name=search_term_string\"}],\"inLanguage\":\"fr-FR\"},{\"@type\":\"WebPage\",\"@id\":\"https:\/\/luminescence77.fr\/index.php\/pages\/contact\/#webpage\",\"url\":\"https:\/\/luminescence77.fr\/index.php\/pages\/contact\/\",\"name\":\"CONTACT &#8902; LUMINESCENCE\",\"isPartOf\":{\"@id\":\"https:\/\/luminescence77.fr\/#website\"},\"datePublished\":\"2017-02-02T14:27:30+00:00\",\"dateModified\":\"2021-10-18T04:19:57+00:00\",\"breadcrumb\":{\"@id\":\"https:\/\/luminescence77.fr\/index.php\/pages\/contact\/#breadcrumb\"},\"inLanguage\":\"fr-FR\",\"potentialAction\":[{\"@type\":\"ReadAction\",\"target\":[\"https:\/\/luminescence77.fr\/index.php\/pages\/contact\/\"]}]},{\"@type\":\"BreadcrumbList\",\"@id\":\"https:\/\/luminescence77.fr\/index.php\/pages\/contact\/#breadcrumb\",\"itemListElement\":[{\"@type\":\"ListItem\",\"position\":1,\"item\":{\"@type\":\"WebPage\",\"@id\":\"https:\/\/luminescence77.fr\/\",\"url\":\"https:\/\/luminescence77.fr\/\",\"name\":\"Accueil\"}},{\"@type\":\"ListItem\",\"position\":2,\"item\":{\"@type\":\"WebPage\",\"@id\":\"https:\/\/luminescence77.fr\/index.php\/pages\/\",\"url\":\"https:\/\/luminescence77.fr\/index.php\/pages\/\",\"name\":\"Pages\"}},{\"@type\":\"ListItem\",\"position\":3,\"item\":{\"@id\":\"https:\/\/luminescence77.fr\/index.php\/pages\/contact\/#webpage\"}}]}]}<\/script>\n<!-- \/ Yoast SEO plugin. -->","_links":{"self":[{"href":"https:\/\/luminescence77.fr\/index.php\/wp-json\/wp\/v2\/pages\/632"}],"collection":[{"href":"https:\/\/luminescence77.fr\/index.php\/wp-json\/wp\/v2\/pages"}],"about":[{"href":"https:\/\/luminescence77.fr\/index.php\/wp-json\/wp\/v2\/types\/page"}],"author":[{"embeddable":true,"href":"https:\/\/luminescence77.fr\/index.php\/wp-json\/wp\/v2\/users\/1"}],"replies":[{"embeddable":true,"href":"https:\/\/luminescence77.fr\/index.php\/wp-json\/wp\/v2\/comments?post=632"}],"version-history":[{"count":39,"href":"https:\/\/luminescence77.fr\/index.php\/wp-json\/wp\/v2\/pages\/632\/revisions"}],"predecessor-version":[{"id":3796,"href":"https:\/\/luminescence77.fr\/index.php\/wp-json\/wp\/v2\/pages\/632\/revisions\/3796"}],"up":[{"embeddable":true,"href":"https:\/\/luminescence77.fr\/index.php\/wp-json\/wp\/v2\/pages\/603"}],"wp:attachment":[{"href":"https:\/\/luminescence77.fr\/index.php\/wp-json\/wp\/v2\/media?parent=632"}],"curies":[{"name":"wp","href":"https:\/\/api.w.org\/{rel}","templated":true}]}}