{"id":3625,"date":"2021-10-18T03:57:46","date_gmt":"2021-10-18T01:57:46","guid":{"rendered":"http:\/\/luminescence77.fr\/?page_id=3625"},"modified":"2026-03-02T21:57:25","modified_gmt":"2026-03-02T20:57:25","slug":"bons-cadeaux","status":"publish","type":"page","link":"https:\/\/luminescence77.fr\/index.php\/bons-cadeaux\/","title":{"rendered":"BONS CADEAUX"},"content":{"rendered":"<div id='layer_slider_1' class='avia-layerslider main_color avia-shadow  container_wrap sidebar_right'    style='height: 401px;' ><\/div>\n<\/div><\/div><\/div><!-- close content main div --><\/div><\/div><div id='av_section_1' class='avia-section main_color avia-section-default avia-no-shadow avia-bg-style-scroll   container_wrap sidebar_right'   ><div class='container' ><div class='template-page content  av-content-small alpha units'><div class='post-entry post-entry-type-page post-entry-3625'><div class='entry-content-wrapper clearfix'>\n<div style='padding-bottom:40px;color:#eda62d;' class='av-special-heading av-special-heading-h1 custom-color-heading blockquote modern-quote modern-centered   '><h1 class='av-special-heading-tag '  itemprop=\"headline\"  >VOUS SOUHAITEZ OFFRIR UN BON CADEAU ?<\/h1><div class='special-heading-border'><div class='special-heading-inner-border' style='border-color:#eda62d'><\/div><\/div><\/div>\n<div class='avia-image-container  av-styling-    avia-align-center '  itemscope=\"itemscope\" itemtype=\"https:\/\/schema.org\/ImageObject\"  ><div class='avia-image-container-inner'><img class='avia_image ' src='https:\/\/luminescence77.fr\/wp-content\/uploads\/2017\/12\/picto-lotus-01-1.png' alt='' title='picto-lotus-01'   itemprop=\"thumbnailUrl\"  \/><\/div><\/div>\n<div style=' margin-top:30px; margin-bottom:30px;'  class='hr hr-custom hr-center hr-icon-no  '><span class='hr-inner   inner-border-av-border-fat' style=' width:50px; border-color:#8a7343;' ><span class='hr-inner-style'><\/span><\/span><\/div>\n<div class='avia-image-container  av-styling-  noHover  av-overlay-hover-deactivate   avia-align-center '  itemscope=\"itemscope\" itemtype=\"https:\/\/schema.org\/ImageObject\"  ><div class='avia-image-container-inner'><a href='https:\/\/www.planity.com\/luminescence-77000-melun' class='avia_image'   target=\"_blank\" ><div class='av-image-caption-overlay'><div class='av-caption-image-overlay-bg' style='opacity:0.1; background-color:#ffffff; '><\/div><div class='av-image-caption-overlay-position'><div class='av-image-caption-overlay-center' style='color:#ffffff; '><p>JE CLIQUE ICI<\/p>\n<p>et j&rsquo;ach\u00e8te un<\/p>\n<p>BON CADEAU<br \/>\nEN LIGNE<\/p>\n<\/div><\/div><\/div><img class='avia_image ' src='https:\/\/luminescence77.fr\/wp-content\/uploads\/2017\/12\/close-up-of-colorful-gifts-with-ribbons-1-300x200.jpg' alt='' title='close-up-of-colorful-gifts-with-ribbons'  itemprop=\"thumbnailUrl\"  \/><\/a><\/div><\/div>\n<div style='padding-bottom:40px;' class='av-special-heading av-special-heading-h1  blockquote modern-quote modern-centered   '><h1 class='av-special-heading-tag '  itemprop=\"headline\"  >Cliquez ci-dessus pour le recevoir imm\u00e9diatement dans votre boite mail, ou l\u2019envoyer directement au b\u00e9n\u00e9ficiaire.<\/h1><div class='special-heading-border'><div class='special-heading-inner-border' ><\/div><\/div><\/div>\n<div  class='hr hr-default  '><span class='hr-inner ' ><span class='hr-inner-style'><\/span><\/span><\/div>\n<div class=\"flex_column av_one_half  flex_column_div av-zero-column-padding first  \" style='border-radius:0px; '><article class=\"iconbox iconbox_top main_color    \"  itemscope=\"itemscope\" itemtype=\"https:\/\/schema.org\/CreativeWork\" ><div class=\"iconbox_content\"><header class=\"entry-content-header\"><div class=\"iconbox_icon heading-color \" aria-hidden='true' data-av_icon='\ue854' data-av_iconfont='entypo-fontello'  ><\/div><h3 class='iconbox_content_title '  itemprop=\"headline\"  >Pour un BON CADEAU physique, <\/h3><\/header><div class='iconbox_content_container  '  itemprop=\"text\"  ><p>Merci de prendre rendez-vous avant de passer au salon &#8230;<\/p>\n<p>Appel ou SMS au : <span style=\"color: #ff6600;\"><strong>06 40 89 12 71<\/strong><\/span><\/p>\n<\/div><\/div><footer class=\"entry-footer\"><\/footer><\/article><\/div><div class=\"flex_column av_one_half  flex_column_div av-zero-column-padding   \" style='border-radius:0px; '><article class=\"iconbox iconbox_top main_color    \"  itemscope=\"itemscope\" itemtype=\"https:\/\/schema.org\/CreativeWork\" ><div class=\"iconbox_content\"><header class=\"entry-content-header\"><div class=\"iconbox_icon heading-color \" aria-hidden='true' data-av_icon='\ue84b' data-av_iconfont='entypo-fontello'  ><\/div><h3 class='iconbox_content_title '  itemprop=\"headline\"  >veuillez pr\u00e9ciser votre achat<\/h3><\/header><div class='iconbox_content_container  '  itemprop=\"text\"  ><p>&#8230; en remplissant le formulaire ci-dessous.<\/p>\n<p>R\u00e8glement sur place:<span style=\"color: #ff6600;\"><strong>\u00a0CB, Ch\u00e8que ou Esp\u00e8ces<\/strong><\/span><\/p>\n<\/div><\/div><footer class=\"entry-footer\"><\/footer><\/article><\/div><\/div><\/div><\/div><!-- close content main div --><\/div><\/div><div id='after_section_1' class='main_color av_default_container_wrap container_wrap sidebar_right'   ><div class='container' ><div class='template-page content  av-content-small alpha units'><div class='post-entry post-entry-type-page post-entry-3625'><div class='entry-content-wrapper clearfix'><\/div><\/div><\/div><!-- close content main div --><\/div><\/div><div id='av_section_2' class='avia-section main_color avia-section-default avia-no-shadow avia-bg-style-scroll   container_wrap sidebar_right'   ><div class='container' ><div class='template-page content  av-content-small alpha units'><div class='post-entry post-entry-type-page post-entry-3625'><div class='entry-content-wrapper clearfix'>\n<div class=\"flex_column av_one_fifth  flex_column_div av-zero-column-padding first  \" style='border-radius:0px; '><\/div><div class=\"flex_column av_three_fifth  flex_column_div av-zero-column-padding   \" style='border-radius:0px; '><form action=\"https:\/\/luminescence77.fr\/index.php\/bons-cadeaux\/\" method=\"post\"  class=\"avia_ajax_form av-form-labels-visible    \" data-avia-form-id=\"1\" data-avia-redirect=''><fieldset><h3>veuillez pr\u00e9ciser votre achat<\/h3><p class=' first_form  form_element form_element_half' id='element_avia_1_1'><label for=\"avia_1_1\">Mon pr\u00e9nom <abbr class=\"required\" title=\"requis\">*<\/abbr><\/label> <input name=\"avia_1_1\" class=\"text_input is_empty\" type=\"text\" id=\"avia_1_1\" value=\"\" \/><\/p><p class=' form_element form_element_half' id='element_avia_2_1'><label for=\"avia_2_1\">Mon nom <abbr class=\"required\" title=\"requis\">*<\/abbr><\/label> <input name=\"avia_2_1\" class=\"text_input is_empty\" type=\"text\" id=\"avia_2_1\" value=\"\" \/><\/p><p class=' first_form  form_element form_fullwidth' id='element_avia_3_1'><label for=\"avia_3_1\">Ma date de naissance <abbr class=\"required\" title=\"requis\">*<\/abbr><\/label> <input name=\"avia_3_1\" class=\"avia_datepicker text_input is_empty\" type=\"text\" id=\"avia_3_1\" value=\"\" placeholder=\"DD \/ MM \/ YY\" \/><\/p><p class=' first_form  form_element form_element_half' id='element_avia_4_1'><label for=\"avia_4_1\">Mon portable <abbr class=\"required\" title=\"requis\">*<\/abbr><\/label> <input name=\"avia_4_1\" class=\"text_input is_phone\" type=\"text\" id=\"avia_4_1\" value=\"\" \/><\/p><p class=' form_element form_element_half' id='element_avia_5_1'><label for=\"avia_5_1\">Mon adresse e-mail <abbr class=\"required\" title=\"requis\">*<\/abbr><\/label> <input name=\"avia_5_1\" class=\"text_input is_email\" type=\"text\" id=\"avia_5_1\" value=\"\" \/><\/p><p class=' first_form  form_element form_element_half' id='element_avia_6_1'><label for=\"avia_6_1\">Pr\u00e9nom du destinataire <abbr class=\"required\" title=\"requis\">*<\/abbr><\/label> <input name=\"avia_6_1\" class=\"text_input is_empty\" type=\"text\" id=\"avia_6_1\" value=\"\" \/><\/p><p class=' form_element form_element_half' id='element_avia_7_1'><label for=\"avia_7_1\">Nom du destinataire <abbr class=\"required\" title=\"requis\">*<\/abbr><\/label> <input name=\"avia_7_1\" class=\"text_input is_empty\" type=\"text\" id=\"avia_7_1\" value=\"\" \/><\/p><p class=' first_form  form_element form_fullwidth' id='element_avia_8_1'>\t <label for=\"avia_8_1\" class=\"textare_label hidden textare_label_avia_8_1\">Si vous souhaitez apporter des pr\u00e9cisions \u00e0 cette demande, n\u2019h\u00e9sitez pas \u00e0 laisser un commentaire.<\/label>\t <textarea  name=\"avia_8_1\" class=\"text_area \" cols=\"40\" rows=\"7\" id=\"avia_8_1\" ><\/textarea><\/p><p class=' first_form  form_element form_fullwidth' id='element_avia_9_1'><label for=\"avia_9_1\">Quel soin souhaitez-vous offrir ? <abbr class=\"required\" title=\"requis\">*<\/abbr><\/label> <select  name=\"avia_9_1\" class=\"select is_empty\" id=\"avia_9_1\"><option  value ='S\u00e9lectionner l\u2019offre de votre choix'>S\u00e9lectionner l\u2019offre de votre choix<\/option><option  value ='Soin Couronne : 30mn \/ 50 \u20ac'>Soin Couronne : 30mn \/ 50 \u20ac<\/option><option  value ='Massage 1 zone aux Huiles Aromatiques : 20mn \/ 30 \u20ac'>Massage 1 zone aux Huiles Aromatiques : 20mn \/ 30 \u20ac<\/option><option  value ='Massage 1 ou 2 zones aux Huiles Aromatiques : 30mn \/ 50 \u20ac'>Massage 1 ou 2 zones aux Huiles Aromatiques : 30mn \/ 50 \u20ac<\/option><option  value ='Massage corps complet aux Huiles Aromatiques : 50mn \/ 80 \u20ac'>Massage corps complet aux Huiles Aromatiques : 50mn \/ 80 \u20ac<\/option><option  value ='Massage corps complet aux Huiles Aromatiques : 1h \/ 100 \u20ac'>Massage corps complet aux Huiles Aromatiques : 1h \/ 100 \u20ac<\/option><option  value ='Massage corps complet aux Huiles Aromatiques : 1h30 \/ 140 \u20ac'>Massage corps complet aux Huiles Aromatiques : 1h30 \/ 140 \u20ac<\/option><option  value ='Massage corps complet aux Huiles Aromatiques : 2h \/ 190 \u20ac'>Massage corps complet aux Huiles Aromatiques : 2h \/ 190 \u20ac<\/option><option  value ='Massages du corps aux Pierres Chaudes : 1h30 \/ 150 \u20ac'>Massages du corps aux Pierres Chaudes : 1h30 \/ 150 \u20ac<\/option><option  value ='Massage du corps \u00e0 la Poudre d\u2019Argile : 1h30 \/ 150 \u20ac'>Massage du corps \u00e0 la Poudre d\u2019Argile : 1h30 \/ 150 \u20ac<\/option><option  value ='Massage du corps aux Ballotins d\u2019\u00c9pices : 1h30 \/ 150 \u20ac'>Massage du corps aux Ballotins d\u2019\u00c9pices : 1h30 \/ 150 \u20ac<\/option><option  value ='Soin Atrium pour les pieds : 50mn \/ 90 \u20ac'>Soin Atrium pour les pieds : 50mn \/ 90 \u20ac<\/option><option  value ='Soin D\u00e9fatiguant du Dos : 1h10 \/ 120\u20ac'>Soin D\u00e9fatiguant du Dos : 1h10 \/ 120\u20ac<\/option><option  value ='Soin D\u00e9tente et \u00c9vasion : 1h30 \/ 150\u20ac'>Soin D\u00e9tente et \u00c9vasion : 1h30 \/ 150\u20ac<\/option><option  value ='Soin Signature Luminescence : 2h \/ 200 \u20ac'>Soin Signature Luminescence : 2h \/ 200 \u20ac<\/option><option  value ='Massage Minceur et Tonus 2 zones : 40mn \/ 70 \u20ac'>Massage Minceur et Tonus 2 zones : 40mn \/ 70 \u20ac<\/option><option  value ='Massage Minceur et Tonus Corps complet : 1h \/ 110 \u20ac'>Massage Minceur et Tonus Corps complet : 1h \/ 110 \u20ac<\/option><option  value ='Massage aux Ventouses : 20mn \/ 35 \u20ac'>Massage aux Ventouses : 20mn \/ 35 \u20ac<\/option><option  value ='Soin Silhouette : 1 h 30 min \/ 150 \u20ac'>Soin Silhouette : 1 h 30 min \/ 150 \u20ac<\/option><option  value ='Compl\u00e9ment Harmonisation \u00e9nerg\u00e9tique : 10mn \/ 15\u20ac'>Compl\u00e9ment Harmonisation \u00e9nerg\u00e9tique : 10mn \/ 15\u20ac<\/option><option  value ='S\u00e9ance de Reiki : 40mn \/ 50\u20ac'>S\u00e9ance de Reiki : 40mn \/ 50\u20ac<\/option><option  value ='S\u00e9ance de Magn\u00e9tisme : 40mn \/ 50\u20ac'>S\u00e9ance de Magn\u00e9tisme : 40mn \/ 50\u20ac<\/option><option  value ='Relaxation guid\u00e9e : 20mn \/ 25\u20ac'>Relaxation guid\u00e9e : 20mn \/ 25\u20ac<\/option><\/select><\/p><p class=' first_form  form_element form_element_half' id='element_avia_10_1'><label for=\"avia_10_1\">Bon offert \u00e0 l\u2019attention de ... <abbr class=\"required\" title=\"requis\">*<\/abbr><\/label> <input name=\"avia_10_1\" class=\"text_input is_empty\" type=\"text\" id=\"avia_10_1\" value=\"\" \/><\/p><p class=' first_form  form_element form_fullwidth' id='element_avia_11_1'><label for=\"avia_11_1\">Bon offert de la part de ... <abbr class=\"required\" title=\"requis\">*<\/abbr><\/label> <input name=\"avia_11_1\" class=\"text_input is_empty\" type=\"text\" id=\"avia_11_1\" value=\"\" \/><\/p><p class=\"hidden\"><input type=\"text\" name=\"avia_12_1\" class=\"hidden \" id=\"avia_12_1\" value=\"\" \/><\/p><p class='' id='element_avia_13_1'>    <span class='value_verifier_label'>1 + 6 = ?<\/span>    <input name=\"avia_13_1_verifier\" type=\"hidden\" id=\"avia_13_1_verifier\" value=\"443564786\"\/><label for=\"avia_13_1\">Pour prouver que vous \u00eates un humain, donnez le r\u00e9sultat de cette simple op\u00e9ration <abbr class=\"required\" title=\"requis\">*<\/abbr><\/label>    <input name=\"avia_13_1\" class=\"text_input captcha\" type=\"text\" id=\"avia_13_1\" value=\"\"\/><\/p><p class=\"form_element \"><input type=\"hidden\" value=\"1\" name=\"avia_generated_form1\" \/><input type=\"submit\" value=\"Envoyer ma demande\" class=\"button\"  data-sending-label=\"Envoi\"\/><\/p><\/fieldset><\/form><div id=\"ajaxresponse_1\" class=\"ajaxresponse ajaxresponse_1 hidden\"><\/div><\/div><div class=\"flex_column av_one_fifth  flex_column_div av-zero-column-padding   \" style='border-radius:0px; '><\/div>\n<\/div><\/div><\/div><!-- close content main div --><\/div><\/div><div id='after_section_2' class='main_color av_default_container_wrap container_wrap sidebar_right'   ><div class='container' ><div class='template-page content  av-content-small alpha units'><div class='post-entry post-entry-type-page post-entry-3625'><div class='entry-content-wrapper clearfix'><\/p>\n<div  class='hr hr-default  '><span class='hr-inner ' ><span class='hr-inner-style'><\/span><\/span><\/div>\n","protected":false},"excerpt":{"rendered":"","protected":false},"author":1,"featured_media":0,"parent":0,"menu_order":0,"comment_status":"closed","ping_status":"closed","template":"","meta":[],"yoast_head":"<!-- This site is optimized with the Yoast SEO plugin v16.2 - https:\/\/yoast.com\/wordpress\/plugins\/seo\/ -->\n<title>BONS CADEAUX &#8902; LUMINESCENCE<\/title>\n<meta name=\"robots\" content=\"index, follow, max-snippet:-1, max-image-preview:large, max-video-preview:-1\" \/>\n<link rel=\"canonical\" href=\"https:\/\/luminescence77.fr\/index.php\/bons-cadeaux\/\" \/>\n<meta property=\"og:locale\" content=\"fr_FR\" \/>\n<meta property=\"og:type\" content=\"article\" \/>\n<meta property=\"og:title\" content=\"BONS CADEAUX &#8902; LUMINESCENCE\" \/>\n<meta property=\"og:url\" content=\"https:\/\/luminescence77.fr\/index.php\/bons-cadeaux\/\" \/>\n<meta property=\"og:site_name\" content=\"LUMINESCENCE\" \/>\n<meta property=\"article:modified_time\" content=\"2026-03-02T20:57:25+00:00\" \/>\n<meta name=\"twitter:card\" content=\"summary_large_image\" \/>\n<meta name=\"twitter:label1\" content=\"Dur\u00e9e de lecture est.\">\n\t<meta name=\"twitter:data1\" content=\"4 minutes\">\n<script type=\"application\/ld+json\" class=\"yoast-schema-graph\">{\"@context\":\"https:\/\/schema.org\",\"@graph\":[{\"@type\":\"Organization\",\"@id\":\"https:\/\/luminescence77.fr\/#organization\",\"name\":\"LUMINESCENCE\",\"url\":\"https:\/\/luminescence77.fr\/\",\"sameAs\":[],\"logo\":{\"@type\":\"ImageObject\",\"@id\":\"https:\/\/luminescence77.fr\/#logo\",\"inLanguage\":\"fr-FR\",\"url\":\"http:\/\/luminescence77.fr\/wp-content\/uploads\/2017\/02\/LOGO-COUL-OK.png\",\"contentUrl\":\"http:\/\/luminescence77.fr\/wp-content\/uploads\/2017\/02\/LOGO-COUL-OK.png\",\"width\":1000,\"height\":803,\"caption\":\"LUMINESCENCE\"},\"image\":{\"@id\":\"https:\/\/luminescence77.fr\/#logo\"}},{\"@type\":\"WebSite\",\"@id\":\"https:\/\/luminescence77.fr\/#website\",\"url\":\"https:\/\/luminescence77.fr\/\",\"name\":\"LUMINESCENCE\",\"description\":\"LA THERAPIE DU BIEN-\\u00caTRE\",\"publisher\":{\"@id\":\"https:\/\/luminescence77.fr\/#organization\"},\"potentialAction\":[{\"@type\":\"SearchAction\",\"target\":\"https:\/\/luminescence77.fr\/?s={search_term_string}\",\"query-input\":\"required name=search_term_string\"}],\"inLanguage\":\"fr-FR\"},{\"@type\":\"WebPage\",\"@id\":\"https:\/\/luminescence77.fr\/index.php\/bons-cadeaux\/#webpage\",\"url\":\"https:\/\/luminescence77.fr\/index.php\/bons-cadeaux\/\",\"name\":\"BONS CADEAUX &#8902; LUMINESCENCE\",\"isPartOf\":{\"@id\":\"https:\/\/luminescence77.fr\/#website\"},\"datePublished\":\"2021-10-18T01:57:46+00:00\",\"dateModified\":\"2026-03-02T20:57:25+00:00\",\"breadcrumb\":{\"@id\":\"https:\/\/luminescence77.fr\/index.php\/bons-cadeaux\/#breadcrumb\"},\"inLanguage\":\"fr-FR\",\"potentialAction\":[{\"@type\":\"ReadAction\",\"target\":[\"https:\/\/luminescence77.fr\/index.php\/bons-cadeaux\/\"]}]},{\"@type\":\"BreadcrumbList\",\"@id\":\"https:\/\/luminescence77.fr\/index.php\/bons-cadeaux\/#breadcrumb\",\"itemListElement\":[{\"@type\":\"ListItem\",\"position\":1,\"item\":{\"@type\":\"WebPage\",\"@id\":\"https:\/\/luminescence77.fr\/\",\"url\":\"https:\/\/luminescence77.fr\/\",\"name\":\"Accueil\"}},{\"@type\":\"ListItem\",\"position\":2,\"item\":{\"@id\":\"https:\/\/luminescence77.fr\/index.php\/bons-cadeaux\/#webpage\"}}]}]}<\/script>\n<!-- \/ Yoast SEO plugin. -->","_links":{"self":[{"href":"https:\/\/luminescence77.fr\/index.php\/wp-json\/wp\/v2\/pages\/3625"}],"collection":[{"href":"https:\/\/luminescence77.fr\/index.php\/wp-json\/wp\/v2\/pages"}],"about":[{"href":"https:\/\/luminescence77.fr\/index.php\/wp-json\/wp\/v2\/types\/page"}],"author":[{"embeddable":true,"href":"https:\/\/luminescence77.fr\/index.php\/wp-json\/wp\/v2\/users\/1"}],"replies":[{"embeddable":true,"href":"https:\/\/luminescence77.fr\/index.php\/wp-json\/wp\/v2\/comments?post=3625"}],"version-history":[{"count":77,"href":"https:\/\/luminescence77.fr\/index.php\/wp-json\/wp\/v2\/pages\/3625\/revisions"}],"predecessor-version":[{"id":3943,"href":"https:\/\/luminescence77.fr\/index.php\/wp-json\/wp\/v2\/pages\/3625\/revisions\/3943"}],"wp:attachment":[{"href":"https:\/\/luminescence77.fr\/index.php\/wp-json\/wp\/v2\/media?parent=3625"}],"curies":[{"name":"wp","href":"https:\/\/api.w.org\/{rel}","templated":true}]}}