{"id":3485,"date":"2021-10-18T04:10:23","date_gmt":"2021-10-18T02:10:23","guid":{"rendered":"http:\/\/luminescence77.fr\/?page_id=3485"},"modified":"2021-10-18T04:10:25","modified_gmt":"2021-10-18T02:10:25","slug":"les-massages-bien-etre","status":"publish","type":"page","link":"https:\/\/luminescence77.fr\/index.php\/les-massages-bien-etre\/","title":{"rendered":"LES MASSAGES BIEN-\u00caTRE"},"content":{"rendered":"<div id='layer_slider_1' class='avia-layerslider main_color avia-shadow  container_wrap sidebar_right'    style='height: 401px;' ><\/div>\n<\/div><\/div><\/div><!-- close content main div --><\/div><\/div><div class='clear'><\/div><div id='sub_menu1' class='av-submenu-container main_color  av-sticky-submenu container_wrap sidebar_right'   style='z-index:301'><div class='container av-menu-mobile-disabled '><ul id=\"menu-menu-prestations\" class=\"av-subnav-menu av-submenu-pos-center\"><li id=\"menu-item-3484\" class=\"menu-item menu-item-type-post_type menu-item-object-page menu-item-top-level menu-item-top-level-1\"><a href=\"https:\/\/luminescence77.fr\/index.php\/les-soins-energetiques\/\" itemprop=\"url\"><span class=\"avia-bullet\"><\/span><span class=\"avia-menu-text\">LES SOINS \u00c9NERG\u00c9TIQUES<\/span><span class=\"avia-menu-fx\"><span class=\"avia-arrow-wrap\"><span class=\"avia-arrow\"><\/span><\/span><\/span><\/a><\/li>\n<li id=\"menu-item-3489\" class=\"menu-item menu-item-type-post_type menu-item-object-page menu-item-top-level menu-item-top-level-2\"><a href=\"https:\/\/luminescence77.fr\/index.php\/les-massages-bien-etre\/\" itemprop=\"url\"><span class=\"avia-bullet\"><\/span><span class=\"avia-menu-text\">LES MASSAGES BIEN-\u00caTRE<\/span><span class=\"avia-menu-fx\"><span class=\"avia-arrow-wrap\"><span class=\"avia-arrow\"><\/span><\/span><\/span><\/a><\/li>\n<li id=\"menu-item-3492\" class=\"menu-item menu-item-type-post_type menu-item-object-page menu-item-top-level menu-item-top-level-3\"><a href=\"https:\/\/luminescence77.fr\/index.php\/abonnements-individuels\/\" itemprop=\"url\"><span class=\"avia-bullet\"><\/span><span class=\"avia-menu-text\">ABONNEMENTS INDIVIDUELS<\/span><span class=\"avia-menu-fx\"><span class=\"avia-arrow-wrap\"><span class=\"avia-arrow\"><\/span><\/span><\/span><\/a><\/li>\n<li id=\"menu-item-3495\" class=\"menu-item menu-item-type-post_type menu-item-object-page menu-item-top-level menu-item-top-level-4\"><a href=\"https:\/\/luminescence77.fr\/index.php\/les-forfaits-bien-etre\/\" itemprop=\"url\"><span class=\"avia-bullet\"><\/span><span class=\"avia-menu-text\">LES FORFAITS BIEN-\u00caTRE<\/span><span class=\"avia-menu-fx\"><span class=\"avia-arrow-wrap\"><span class=\"avia-arrow\"><\/span><\/span><\/span><\/a><\/li>\n<li id=\"menu-item-3504\" class=\"menu-item menu-item-type-post_type menu-item-object-page menu-item-top-level menu-item-top-level-5\"><a href=\"https:\/\/luminescence77.fr\/index.php\/prestations-outdoors\/\" itemprop=\"url\"><span class=\"avia-bullet\"><\/span><span class=\"avia-menu-text\">PRESTATIONS OUTDOORS<\/span><span class=\"avia-menu-fx\"><span class=\"avia-arrow-wrap\"><span class=\"avia-arrow\"><\/span><\/span><\/span><\/a><\/li>\n<li id=\"menu-item-3682\" class=\"menu-item menu-item-type-post_type menu-item-object-page menu-item-top-level menu-item-top-level-6\"><a href=\"https:\/\/luminescence77.fr\/index.php\/ateliers\/\" itemprop=\"url\"><span class=\"avia-bullet\"><\/span><span class=\"avia-menu-text\">ATELIERS BIEN-\u00caTRE<\/span><span class=\"avia-menu-fx\"><span class=\"avia-arrow-wrap\"><span class=\"avia-arrow\"><\/span><\/span><\/span><\/a><\/li>\n<\/ul><\/div><\/div><div class='sticky_placeholder'><\/div>\n<\/div><\/div><\/div><!-- close content main div --><\/div><\/div><div id='av_section_1' class='avia-section main_color avia-section-default avia-no-shadow avia-bg-style-scroll   container_wrap sidebar_right'   ><div class='container' ><div class='template-page content  av-content-small alpha units'><div class='post-entry post-entry-type-page post-entry-3485'><div class='entry-content-wrapper clearfix'>\n<div class='avia-image-container  av-styling-    avia-align-center '  itemscope=\"itemscope\" itemtype=\"https:\/\/schema.org\/ImageObject\"  ><div class='avia-image-container-inner'><img class='avia_image ' src='https:\/\/luminescence77.fr\/wp-content\/uploads\/2017\/12\/picto-lotus-01-1.png' alt='' title='picto-lotus-01'   itemprop=\"thumbnailUrl\"  \/><\/div><\/div>\n<div class=\"flex_column av_one_fifth  flex_column_div av-zero-column-padding first  \" style='border-radius:0px; '><\/div><div class=\"flex_column av_three_fifth  flex_column_div av-zero-column-padding   \" style='border-radius:0px; '><section class=\"av_textblock_section \"  itemscope=\"itemscope\" itemtype=\"https:\/\/schema.org\/CreativeWork\" ><div class='avia_textblock  '   itemprop=\"text\" ><p style=\"text-align: justify;\"><em>Le massage est un art riche et ancien dont les multiples techniques sont ici int\u00e9gr\u00e9es dans une pratique personnalis\u00e9e\u00a0: <strong>chaque soin est unique et adapt\u00e9 \u00e0 votre besoin du moment.<\/strong><\/em><\/p>\n<p style=\"text-align: justify;\"><em>Dos tendu, jambes lourdes, nuque raine\u2026 un massage vous soulagera en quelques minutes\u00a0!<\/em><\/p>\n<p style=\"text-align: justify;\"><em>Si vous en \u00e9prouvez le besoin, <strong>prenez le temps d\u2019une vraie pause\u00a0<\/strong>: votre corps vous en remerciera, et vous en ressentirez les bienfaits, encore apr\u00e8s plusieurs jours.<\/em><\/p>\n<p style=\"text-align: justify;\"><strong><em>Huiles, poudres, \u00e9pices et senteurs pour votre bien-\u00eatre\u2026<\/em><\/strong><\/p>\n<\/div><\/section><\/div><div class=\"flex_column av_one_fifth  flex_column_div av-zero-column-padding   \" style='border-radius:0px; '><\/div>\n<\/div><\/div><\/div><!-- close content main div --><\/div><\/div><div id='after_section_1' class='main_color av_default_container_wrap container_wrap sidebar_right'   ><div class='container' ><div class='template-page content  av-content-small alpha units'><div class='post-entry post-entry-type-page post-entry-3485'><div class='entry-content-wrapper clearfix'>\n<\/div><\/div><\/div><!-- close content main div --><\/div><\/div><div id='av_section_2' class='avia-section main_color avia-section-huge avia-no-shadow avia-bg-style-scroll   container_wrap sidebar_right'   ><div class='container' ><div class='template-page content  av-content-small alpha units'><div class='post-entry post-entry-type-page post-entry-3485'><div class='entry-content-wrapper clearfix'>\n<div class=\"flex_column av_one_full  flex_column_div av-zero-column-padding first  \" style='border-radius:0px; '><p><div class='avia-data-table-wrap avia_responsive_table'><table class='avia-table avia-data-table avia-table-1  avia_pricing_default '  itemscope=\"itemscope\" itemtype=\"https:\/\/schema.org\/Table\" ><tbody><tr class=''><td class='avia-highlight-col'><\/p>\n<h3 style=\"text-align: left;\">&gt; MASSAGE AUX HUILES AROMATIQUES<\/h3>\n<p><\/td><td class=''><\/p>\n<h3 style=\"text-align: center;\">20 minutes<\/h3>\n<p><\/td><td class=''><\/p>\n<h3 style=\"text-align: center;\">30 \u20ac<\/h3>\n<p><\/td><\/tr><tr class=''><td class='avia-highlight-col'><\/p>\n<h3 style=\"text-align: center;\">&#8211;<\/h3>\n<p><\/td><td class=''><\/p>\n<h3 style=\"text-align: center;\">30 minutes<\/h3>\n<p><\/td><td class=''><\/p>\n<h3 style=\"text-align: center;\">50 \u20ac<\/h3>\n<p><\/td><\/tr><tr class=''><td class='avia-highlight-col'><\/p>\n<h3 style=\"text-align: center;\">&#8211;<\/h3>\n<p><\/td><td class=''><\/p>\n<h3 style=\"text-align: center;\">50 minutes<\/h3>\n<p><\/td><td class=''><\/p>\n<h3 style=\"text-align: center;\">80 \u20ac<\/h3>\n<p><\/td><\/tr><tr class=''><td class='avia-highlight-col'><\/p>\n<h3 style=\"text-align: center;\">&#8211;<\/h3>\n<p><\/td><td class=''><\/p>\n<h3 style=\"text-align: center;\">60 minutes<\/h3>\n<p><\/td><td class=''><\/p>\n<h3 style=\"text-align: center;\">100 \u20ac<\/h3>\n<p><\/td><\/tr><tr class=''><td class='avia-highlight-col'><\/p>\n<h3 style=\"text-align: center;\">&#8211;<\/h3>\n<p><\/td><td class=''><\/p>\n<h3 style=\"text-align: center;\">90 minutes<\/h3>\n<p><\/td><td class=''><\/p>\n<h3 style=\"text-align: center;\">140 \u20ac<\/h3>\n<p><\/td><\/tr><tr class=''><td class='avia-highlight-col'><\/p>\n<h3 style=\"text-align: center;\">&#8211;<\/h3>\n<p><\/td><td class=''><\/p>\n<h3 style=\"text-align: center;\">120 minutes<\/h3>\n<p><\/td><td class=''><\/p>\n<h3 style=\"text-align: center;\">190 \u20ac<\/h3>\n<p><\/td><\/tr><\/tbody><\/table><\/div><style type='text\/css'><\/style><br \/>\n<div class='avia-data-table-wrap avia_responsive_table'><table class='avia-table avia-data-table avia-table-2  avia_pricing_default '  itemscope=\"itemscope\" itemtype=\"https:\/\/schema.org\/Table\" ><tbody><tr class=''><td class='avia-highlight-col'><\/p>\n<h3 style=\"text-align: left;\">&gt; MASSAGE A LA POUDRE D\u2019ARGILE<\/h3>\n<p><\/td><td class='avia-center-col'><\/p>\n<h3 style=\"text-align: center;\">90 minutes<\/h3>\n<p><\/td><td class=''><\/p>\n<h3 style=\"text-align: center;\">150 \u20ac<\/h3>\n<p><\/td><\/tr><tr class=''><td class='avia-highlight-col'><\/p>\n<h3 style=\"text-align: left;\">&gt; MASSAGE AUX PIERRES CHAUDES<\/h3>\n<p><\/td><td class='avia-center-col'><\/p>\n<h3 style=\"text-align: center;\">90 minutes<\/h3>\n<p><\/td><td class=''><\/p>\n<h3 style=\"text-align: center;\">150 \u20ac<\/h3>\n<p><\/td><\/tr><tr class=''><td class='avia-highlight-col'><\/p>\n<h3 style=\"text-align: left;\">&gt; MASSAGE AUX BALLOTINS D\u2019EPICES<\/h3>\n<p><\/td><td class='avia-center-col'><\/p>\n<h3 style=\"text-align: center;\">90 minutes<\/h3>\n<p><\/td><td class=''><\/p>\n<h3 style=\"text-align: center;\">150 \u20ac<\/h3>\n<p><\/td><\/tr><tr class=''><td class='avia-highlight-col'><\/p>\n<h3 style=\"text-align: left;\">&gt; MASSAGE AUX VENTOUSES CHINOISES<\/h3>\n<p><\/td><td class='avia-center-col'><\/p>\n<h3 style=\"text-align: center;\">20 minutes<\/h3>\n<p><\/td><td class=''><\/p>\n<h3 style=\"text-align: center;\">35 \u20ac<\/h3>\n<p><\/td><\/tr><tr class=''><td class='avia-highlight-col'><\/p>\n<h3 style=\"text-align: left;\">&gt; MASSAGE MINCEUR ET TONUS 2 ZONES<\/h3>\n<p><\/td><td class='avia-center-col'><\/p>\n<h3 style=\"text-align: center;\">40 minutes<\/h3>\n<p><\/td><td class=''><\/p>\n<h3 style=\"text-align: center;\">70 \u20ac<\/h3>\n<p><\/td><\/tr><tr class=''><td class='avia-highlight-col'><\/p>\n<h3 style=\"text-align: left;\">&gt; MASSAGE MINCEUR ET TONUS CORPS COMPLET<\/h3>\n<p><\/td><td class='avia-center-col'><\/p>\n<h3 style=\"text-align: center;\">60 minutes<\/h3>\n<p><\/td><td class=''><\/p>\n<h3 style=\"text-align: center;\">110 \u20ac<\/h3>\n<p><\/td><\/tr><\/tbody><\/table><\/div><style type='text\/css'><\/style><\/p><\/div><\/div><\/div><\/div><!-- close content main div --><\/div><div class='av-extra-border-element border-extra-arrow-down'><div class='av-extra-border-outer'><div class='av-extra-border-inner'  style='background-color:#ffffff;' ><\/div><\/div><\/div><\/div><div id='after_section_2' class='main_color av_default_container_wrap container_wrap sidebar_right'   ><div class='container' ><div class='template-page content  av-content-small alpha units'><div class='post-entry post-entry-type-page post-entry-3485'><div class='entry-content-wrapper clearfix'><\/div><\/div><\/div><!-- close content main div --><\/div><div class='av-extra-border-element border-extra-arrow-down'><div class='av-extra-border-outer'><div class='av-extra-border-inner'  style='background-color:#ffffff;' ><\/div><\/div><\/div><\/div><div id='av_section_3' class='avia-section main_color avia-section-huge avia-no-shadow avia-full-stretch av-section-color-overlay-active avia-bg-style-fixed   container_wrap sidebar_right' style = 'background-repeat: no-repeat; background-image: url(https:\/\/luminescence77.fr\/wp-content\/uploads\/2017\/11\/E-300x203.jpg); background-attachment: fixed; background-position: center center; ' data-section-bg-repeat='stretch' ><div class='av-section-color-overlay-wrap'><div class='av-section-color-overlay' style='opacity: 0.9; background-color: #35383c; '><\/div><div class='container' ><div class='template-page content  av-content-small alpha units'><div class='post-entry post-entry-type-page post-entry-3485'><div class='entry-content-wrapper clearfix'>\n<div style='padding-bottom:10px;color:#ffffff;' class='av-special-heading av-special-heading-h3 custom-color-heading blockquote modern-quote modern-centered  '><h3 class='av-special-heading-tag '  itemprop=\"headline\"  >Vous souhaitez :<\/h3><div class='special-heading-border'><div class='special-heading-inner-border' style='border-color:#ffffff'><\/div><\/div><\/div>\n<div style='height:50px' class='hr hr-invisible  '><span class='hr-inner ' ><span class='hr-inner-style'><\/span><\/span><\/div>\n<div class=\"flex_column av_one_half  flex_column_div av-zero-column-padding first  \" style='border-radius:0px; '><div class='avia-button-wrap avia-button-right '><a href='https:\/\/luminescence77.fr\/index.php\/rendez-vous\/' class='avia-button   avia-icon_select-no avia-color-light avia-size-large avia-position-right '   ><span class='avia_iconbox_title' >Prendre rendez-vous ?<\/span><\/a><\/div><\/div><div class=\"flex_column av_one_half  flex_column_div av-zero-column-padding   \" style='border-radius:0px; '><div class='avia-button-wrap avia-button-left '><a href='https:\/\/luminescence77.fr\/index.php\/bons-cadeaux\/' class='avia-button   avia-icon_select-no avia-color-light avia-size-large avia-position-left '   ><span class='avia_iconbox_title' >Offrir un bon cadeau ?<\/span><\/a><\/div><\/div>\n<\/div><\/div><\/div><!-- close content main div --><\/div><div class='av-extra-border-element border-extra-arrow-down'><div class='av-extra-border-outer'><div class='av-extra-border-inner'  style='background-color:#ffffff;' ><\/div><\/div><\/div><\/div><\/div><div id='after_section_3' class='main_color av_default_container_wrap container_wrap sidebar_right'   ><div class='container' ><div class='template-page content  av-content-small alpha units'><div class='post-entry post-entry-type-page post-entry-3485'><div class='entry-content-wrapper clearfix'><\/p>\n","protected":false},"excerpt":{"rendered":"","protected":false},"author":1,"featured_media":0,"parent":0,"menu_order":0,"comment_status":"closed","ping_status":"closed","template":"","meta":[],"yoast_head":"<!-- This site is optimized with the Yoast SEO plugin v16.2 - https:\/\/yoast.com\/wordpress\/plugins\/seo\/ -->\n<title>LES MASSAGES BIEN-\u00caTRE &#8902; LUMINESCENCE<\/title>\n<meta name=\"robots\" content=\"index, follow, max-snippet:-1, max-image-preview:large, max-video-preview:-1\" \/>\n<link rel=\"canonical\" href=\"https:\/\/luminescence77.fr\/index.php\/les-massages-bien-etre\/\" \/>\n<meta property=\"og:locale\" content=\"fr_FR\" \/>\n<meta property=\"og:type\" content=\"article\" \/>\n<meta property=\"og:title\" content=\"LES MASSAGES BIEN-\u00caTRE &#8902; LUMINESCENCE\" \/>\n<meta property=\"og:url\" content=\"https:\/\/luminescence77.fr\/index.php\/les-massages-bien-etre\/\" \/>\n<meta property=\"og:site_name\" content=\"LUMINESCENCE\" \/>\n<meta property=\"article:modified_time\" content=\"2021-10-18T02:10:25+00:00\" \/>\n<meta name=\"twitter:card\" content=\"summary_large_image\" \/>\n<meta name=\"twitter:label1\" content=\"Dur\u00e9e de lecture est.\">\n\t<meta name=\"twitter:data1\" content=\"3 minutes\">\n<script type=\"application\/ld+json\" class=\"yoast-schema-graph\">{\"@context\":\"https:\/\/schema.org\",\"@graph\":[{\"@type\":\"Organization\",\"@id\":\"https:\/\/luminescence77.fr\/#organization\",\"name\":\"LUMINESCENCE\",\"url\":\"https:\/\/luminescence77.fr\/\",\"sameAs\":[],\"logo\":{\"@type\":\"ImageObject\",\"@id\":\"https:\/\/luminescence77.fr\/#logo\",\"inLanguage\":\"fr-FR\",\"url\":\"http:\/\/luminescence77.fr\/wp-content\/uploads\/2017\/02\/LOGO-COUL-OK.png\",\"contentUrl\":\"http:\/\/luminescence77.fr\/wp-content\/uploads\/2017\/02\/LOGO-COUL-OK.png\",\"width\":1000,\"height\":803,\"caption\":\"LUMINESCENCE\"},\"image\":{\"@id\":\"https:\/\/luminescence77.fr\/#logo\"}},{\"@type\":\"WebSite\",\"@id\":\"https:\/\/luminescence77.fr\/#website\",\"url\":\"https:\/\/luminescence77.fr\/\",\"name\":\"LUMINESCENCE\",\"description\":\"LA THERAPIE DU BIEN-\\u00caTRE\",\"publisher\":{\"@id\":\"https:\/\/luminescence77.fr\/#organization\"},\"potentialAction\":[{\"@type\":\"SearchAction\",\"target\":\"https:\/\/luminescence77.fr\/?s={search_term_string}\",\"query-input\":\"required name=search_term_string\"}],\"inLanguage\":\"fr-FR\"},{\"@type\":\"WebPage\",\"@id\":\"https:\/\/luminescence77.fr\/index.php\/les-massages-bien-etre\/#webpage\",\"url\":\"https:\/\/luminescence77.fr\/index.php\/les-massages-bien-etre\/\",\"name\":\"LES MASSAGES BIEN-\\u00caTRE &#8902; LUMINESCENCE\",\"isPartOf\":{\"@id\":\"https:\/\/luminescence77.fr\/#website\"},\"datePublished\":\"2021-10-18T02:10:23+00:00\",\"dateModified\":\"2021-10-18T02:10:25+00:00\",\"breadcrumb\":{\"@id\":\"https:\/\/luminescence77.fr\/index.php\/les-massages-bien-etre\/#breadcrumb\"},\"inLanguage\":\"fr-FR\",\"potentialAction\":[{\"@type\":\"ReadAction\",\"target\":[\"https:\/\/luminescence77.fr\/index.php\/les-massages-bien-etre\/\"]}]},{\"@type\":\"BreadcrumbList\",\"@id\":\"https:\/\/luminescence77.fr\/index.php\/les-massages-bien-etre\/#breadcrumb\",\"itemListElement\":[{\"@type\":\"ListItem\",\"position\":1,\"item\":{\"@type\":\"WebPage\",\"@id\":\"https:\/\/luminescence77.fr\/\",\"url\":\"https:\/\/luminescence77.fr\/\",\"name\":\"Accueil\"}},{\"@type\":\"ListItem\",\"position\":2,\"item\":{\"@id\":\"https:\/\/luminescence77.fr\/index.php\/les-massages-bien-etre\/#webpage\"}}]}]}<\/script>\n<!-- \/ Yoast SEO plugin. -->","_links":{"self":[{"href":"https:\/\/luminescence77.fr\/index.php\/wp-json\/wp\/v2\/pages\/3485"}],"collection":[{"href":"https:\/\/luminescence77.fr\/index.php\/wp-json\/wp\/v2\/pages"}],"about":[{"href":"https:\/\/luminescence77.fr\/index.php\/wp-json\/wp\/v2\/types\/page"}],"author":[{"embeddable":true,"href":"https:\/\/luminescence77.fr\/index.php\/wp-json\/wp\/v2\/users\/1"}],"replies":[{"embeddable":true,"href":"https:\/\/luminescence77.fr\/index.php\/wp-json\/wp\/v2\/comments?post=3485"}],"version-history":[{"count":27,"href":"https:\/\/luminescence77.fr\/index.php\/wp-json\/wp\/v2\/pages\/3485\/revisions"}],"predecessor-version":[{"id":3779,"href":"https:\/\/luminescence77.fr\/index.php\/wp-json\/wp\/v2\/pages\/3485\/revisions\/3779"}],"wp:attachment":[{"href":"https:\/\/luminescence77.fr\/index.php\/wp-json\/wp\/v2\/media?parent=3485"}],"curies":[{"name":"wp","href":"https:\/\/api.w.org\/{rel}","templated":true}]}}