{"id":3462,"date":"2017-12-01T13:03:48","date_gmt":"2017-12-01T12:03:48","guid":{"rendered":"http:\/\/luminescence77.fr\/?page_id=3462"},"modified":"2021-10-18T09:39:08","modified_gmt":"2021-10-18T07:39:08","slug":"prestations","status":"publish","type":"page","link":"https:\/\/luminescence77.fr\/index.php\/prestations\/","title":{"rendered":"PRESTATIONS"},"content":{"rendered":"<div id='layer_slider_1' class='avia-layerslider main_color avia-shadow  container_wrap sidebar_right'    style='height: 401px;' ><\/div>\n<\/div><\/div><\/div><!-- close content main div --><\/div><\/div><div class='clear'><\/div><div id='sub_menu1' class='av-submenu-container main_color  av-sticky-submenu container_wrap sidebar_right'   style='z-index:301'><div class='container av-menu-mobile-disabled '><ul id=\"menu-menu-prestations\" class=\"av-subnav-menu av-submenu-pos-center\"><li id=\"menu-item-3484\" class=\"menu-item menu-item-type-post_type menu-item-object-page menu-item-top-level menu-item-top-level-1\"><a href=\"https:\/\/luminescence77.fr\/index.php\/les-soins-energetiques\/\" itemprop=\"url\"><span class=\"avia-bullet\"><\/span><span class=\"avia-menu-text\">LES SOINS \u00c9NERG\u00c9TIQUES<\/span><span class=\"avia-menu-fx\"><span class=\"avia-arrow-wrap\"><span class=\"avia-arrow\"><\/span><\/span><\/span><\/a><\/li>\n<li id=\"menu-item-3489\" class=\"menu-item menu-item-type-post_type menu-item-object-page menu-item-top-level menu-item-top-level-2\"><a href=\"https:\/\/luminescence77.fr\/index.php\/les-massages-bien-etre\/\" itemprop=\"url\"><span class=\"avia-bullet\"><\/span><span class=\"avia-menu-text\">LES MASSAGES BIEN-\u00caTRE<\/span><span class=\"avia-menu-fx\"><span class=\"avia-arrow-wrap\"><span class=\"avia-arrow\"><\/span><\/span><\/span><\/a><\/li>\n<li id=\"menu-item-3492\" class=\"menu-item menu-item-type-post_type menu-item-object-page menu-item-top-level menu-item-top-level-3\"><a href=\"https:\/\/luminescence77.fr\/index.php\/abonnements-individuels\/\" itemprop=\"url\"><span class=\"avia-bullet\"><\/span><span class=\"avia-menu-text\">ABONNEMENTS INDIVIDUELS<\/span><span class=\"avia-menu-fx\"><span class=\"avia-arrow-wrap\"><span class=\"avia-arrow\"><\/span><\/span><\/span><\/a><\/li>\n<li id=\"menu-item-3495\" class=\"menu-item menu-item-type-post_type menu-item-object-page menu-item-top-level menu-item-top-level-4\"><a href=\"https:\/\/luminescence77.fr\/index.php\/les-forfaits-bien-etre\/\" itemprop=\"url\"><span class=\"avia-bullet\"><\/span><span class=\"avia-menu-text\">LES FORFAITS BIEN-\u00caTRE<\/span><span class=\"avia-menu-fx\"><span class=\"avia-arrow-wrap\"><span class=\"avia-arrow\"><\/span><\/span><\/span><\/a><\/li>\n<li id=\"menu-item-3504\" class=\"menu-item menu-item-type-post_type menu-item-object-page menu-item-top-level menu-item-top-level-5\"><a href=\"https:\/\/luminescence77.fr\/index.php\/prestations-outdoors\/\" itemprop=\"url\"><span class=\"avia-bullet\"><\/span><span class=\"avia-menu-text\">PRESTATIONS OUTDOORS<\/span><span class=\"avia-menu-fx\"><span class=\"avia-arrow-wrap\"><span class=\"avia-arrow\"><\/span><\/span><\/span><\/a><\/li>\n<li id=\"menu-item-3682\" class=\"menu-item menu-item-type-post_type menu-item-object-page menu-item-top-level menu-item-top-level-6\"><a href=\"https:\/\/luminescence77.fr\/index.php\/ateliers\/\" itemprop=\"url\"><span class=\"avia-bullet\"><\/span><span class=\"avia-menu-text\">ATELIERS BIEN-\u00caTRE<\/span><span class=\"avia-menu-fx\"><span class=\"avia-arrow-wrap\"><span class=\"avia-arrow\"><\/span><\/span><\/span><\/a><\/li>\n<\/ul><\/div><\/div><div class='sticky_placeholder'><\/div>\n<\/div><\/div><\/div><!-- close content main div --><\/div><\/div><div id='av_section_1' class='avia-section main_color avia-section-default avia-no-shadow avia-full-stretch avia-bg-style-scroll   container_wrap sidebar_right' style = 'background-repeat: no-repeat; background-image: url(https:\/\/luminescence77.fr\/wp-content\/uploads\/2017\/12\/G-769x1030.jpg); background-attachment: scroll; background-position: top right; ' data-section-bg-repeat='stretch' ><div class='container' ><div class='template-page content  av-content-small alpha units'><div class='post-entry post-entry-type-page post-entry-3462'><div class='entry-content-wrapper clearfix'>\n<div class=\"flex_column av_one_full  flex_column_div first  \" style='padding:40px; background-color:rgba(255,255,255,0.71); border-radius:0px; '><section class=\"av_textblock_section \"  itemscope=\"itemscope\" itemtype=\"https:\/\/schema.org\/CreativeWork\" ><div class='avia_textblock  '   itemprop=\"text\" ><h2 style=\"text-align: justify;\"><strong>LES SOINS ENERGETIQUES<\/strong><\/h2>\n<p style=\"text-align: justify;\"><em>Les <strong>soins \u00e9nerg\u00e9tiques<\/strong> font appel \u00e0 diff\u00e9rentes techniques, qui sont toutes en lien avec le <strong>champ \u00e9nerg\u00e9tique humain<\/strong>.<\/em><\/p>\n<p style=\"text-align: justify;\"><em>Ce champ est affect\u00e9 de multiples fa\u00e7ons par les habitudes, les postures mentales et les \u00e9tats \u00e9motionnels.<\/em><\/p>\n<p style=\"text-align: justify;\"><em>Les techniques utilis\u00e9es permettent de r\u00e9tablir la circulation des \u00e9nergies du corps, d\u2019<strong>\u00e9quilibrer<\/strong>, de<strong> dynamiser <\/strong>ou d\u2019<strong>apaiser<\/strong> ces flux selon les besoins, et de lever des blocages \u00e9motionnels.<\/em><\/p>\n<\/div><\/section><br \/>\n<div class='avia-button-wrap avia-button-left '><a href='https:\/\/luminescence77.fr\/index.php\/les-soins-energetiques\/' class='avia-button   avia-icon_select-no avia-color-dark avia-size-large avia-position-left '   ><span class='avia_iconbox_title' >En savoir plus<\/span><\/a><\/div><\/p><\/div><div class=\"flex_column av_one_full  flex_column_div first  \" style='padding:40px; background-color:rgba(255,255,255,0.71); border-radius:0px; '><section class=\"av_textblock_section \"  itemscope=\"itemscope\" itemtype=\"https:\/\/schema.org\/CreativeWork\" ><div class='avia_textblock  '   itemprop=\"text\" ><h2><strong>LES MASSAGES BIEN-\u00caTRE<\/strong><\/h2>\n<p><em>Le massage est un art riche et ancien dont les multiples techniques sont ici int\u00e9gr\u00e9es dans une pratique personnalis\u00e9e\u00a0: <strong>chaque soin est unique et adapt\u00e9 \u00e0 votre besoin du moment.<\/strong><\/em><\/p>\n<p><em>Dos tendu, jambes lourdes, nuque raine\u2026 un massage vous soulagera en quelques minutes\u00a0!<\/em><\/p>\n<p><em>Si vous en \u00e9prouvez le besoin, <strong>prenez le temps d\u2019une vraie pause\u00a0<\/strong>: votre corps vous en remerciera, et vous en ressentirez les bienfaits, encore apr\u00e8s plusieurs jours.<\/em><\/p>\n<p style=\"text-align: justify;\"><strong><em>Huiles, poudres, \u00e9pices et senteurs pour votre bien-\u00eatre\u2026<\/em><\/strong><\/p>\n<\/div><\/section><br \/>\n<div class='avia-button-wrap avia-button-left '><a href='https:\/\/luminescence77.fr\/index.php\/les-massages-bien-etre\/' class='avia-button   avia-icon_select-no avia-color-dark avia-size-large avia-position-left '   ><span class='avia_iconbox_title' >En savoir plus<\/span><\/a><\/div><\/p><\/div><div class=\"flex_column av_one_full  flex_column_div first  \" style='padding:40px; background-color:rgba(255,255,255,0.71); border-radius:0px; '><section class=\"av_textblock_section \"  itemscope=\"itemscope\" itemtype=\"https:\/\/schema.org\/CreativeWork\" ><div class='avia_textblock  '   itemprop=\"text\" ><h2><strong>LES FORFAITS BIEN-\u00caTRE<\/strong><\/h2>\n<p style=\"text-align: justify;\"><em>Les forfaits bien-\u00eatre <strong>LUMINESCENCE<\/strong> sont des <strong>soins d\u2019exception<\/strong>, associant des protocoles raffin\u00e9s, des soins experts, et une prise en charge VIP. Un cadeau merveilleux, <strong>\u00e0 offrir ou \u00e0 s\u2019offrir\u2026<\/strong><\/em><\/p>\n<\/div><\/section><br \/>\n<div class='avia-button-wrap avia-button-left '><a href='https:\/\/luminescence77.fr\/index.php\/les-forfaits-bien-etre\/' class='avia-button   avia-icon_select-no avia-color-dark avia-size-large avia-position-left '   ><span class='avia_iconbox_title' >En savoir plus<\/span><\/a><\/div><\/p><\/div><div class=\"flex_column av_one_full  flex_column_div first  \" style='padding:40px; background-color:rgba(255,255,255,0.71); border-radius:0px; '><section class=\"av_textblock_section \"  itemscope=\"itemscope\" itemtype=\"https:\/\/schema.org\/CreativeWork\" ><div class='avia_textblock  '   itemprop=\"text\" ><h2 style=\"text-align: justify;\"><strong>ABONNEMENTS INDIVIDUELS<\/strong><\/h2>\n<p><strong>SOINS ENERGETIQUES, MASSAGES BIEN-\u00caTRE, et SOINS MINCEUR . . .\u00a0<\/strong><\/p>\n<p><em>Choisissez votre cure de 3, 6 ou 12 mois, et b\u00e9n\u00e9ficiez d&rsquo;une remise de 20%\u00a0 (1 s\u00e9ance est offerte d\u00e8s 5 s\u00e9ances achet\u00e9es)<\/em><\/p>\n<\/div><\/section><br \/>\n<div class='avia-button-wrap avia-button-left '><a href='https:\/\/luminescence77.fr\/index.php\/abonnements-individuels\/' class='avia-button   avia-icon_select-no avia-color-dark avia-size-large avia-position-left '   ><span class='avia_iconbox_title' >En savoir plus<\/span><\/a><\/div><\/p><\/div><div class=\"flex_column av_one_full  flex_column_div first  \" style='padding:40px; background-color:rgba(255,255,255,0.71); border-radius:0px; '><section class=\"av_textblock_section \"  itemscope=\"itemscope\" itemtype=\"https:\/\/schema.org\/CreativeWork\" ><div class='avia_textblock  '   itemprop=\"text\" ><h2><strong>ATELIERS BIEN-\u00caTRE<\/strong><\/h2>\n<p style=\"text-align: justify;\"><em>Des ateliers autour des soins bien-\u00eatre sont propos\u00e9s dont le programme \u00e0 suivre sur le site <strong>www.luminescence77.fr<\/strong>, sur inscription et en fonction du nombre de participants<\/em><\/p>\n<\/div><\/section><br \/>\n<div class='avia-button-wrap avia-button-left '><a href='https:\/\/luminescence77.fr\/index.php\/ateliers\/' class='avia-button   avia-icon_select-no avia-color-dark avia-size-large avia-position-left '   ><span class='avia_iconbox_title' >En savoir plus<\/span><\/a><\/div><\/p><\/div><div class=\"flex_column av_one_full  flex_column_div first  \" style='padding:40px; background-color:rgba(255,255,255,0.71); border-radius:0px; '><section class=\"av_textblock_section \"  itemscope=\"itemscope\" itemtype=\"https:\/\/schema.org\/CreativeWork\" ><div class='avia_textblock  '   itemprop=\"text\" ><h2><strong>PRESTATIONS OUTDOORS<\/strong><\/h2>\n<p style=\"text-align: justify;\"><em>Pour des prestations \u00e0 domicile, en entreprise ou \u00e9v\u00e9nementielles, merci de nous contacter directement pour obtenir devis et tarifs.<\/em><\/p>\n<\/div><\/section><br \/>\n<div class='avia-button-wrap avia-button-left '><a href='https:\/\/luminescence77.fr\/index.php\/prestations-outdoors\/' class='avia-button   avia-icon_select-no avia-color-dark avia-size-large avia-position-left '   ><span class='avia_iconbox_title' >En savoir plus<\/span><\/a><\/div><\/p><\/div><\/div><\/div><\/div><!-- close content main div --><\/div><\/div><div id='after_section_1' class='main_color av_default_container_wrap container_wrap sidebar_right'   ><div class='container' ><div class='template-page content  av-content-small alpha units'><div class='post-entry post-entry-type-page post-entry-3462'><div class='entry-content-wrapper clearfix'><article class=\"iconbox iconbox_top main_color    \"  itemscope=\"itemscope\" itemtype=\"https:\/\/schema.org\/CreativeWork\" ><div class=\"iconbox_content\"><header class=\"entry-content-header\"><div class=\"iconbox_icon heading-color \" aria-hidden='true' data-av_icon='\ue83e' data-av_iconfont='entypo-fontello'  ><\/div><h3 class='iconbox_content_title '  itemprop=\"headline\"  >IMPORTANT<\/h3><\/header><div class='iconbox_content_container  '  itemprop=\"text\"  ><p style=\"text-align: justify;\"><em>Les soins bien-\u00eatre ne peuvent en aucun cas se substituer \u00e0 une prescription m\u00e9dicale, qu\u2019il s\u2019agisse de traitements m\u00e9dicamenteux, de s\u00e9ances de kin\u00e9sith\u00e9rapie ou d\u2019interventions chirurgicales\u2026<\/em><\/p>\n<p style=\"text-align: justify;\"><em>Ils peuvent en revanche accompagner b\u00e9n\u00e9fiquement un traitement, en particulier lorsque le stress, les tensions ou un mauvais sommeil agissent comme des facteurs aggravants.<\/em><\/p>\n<p style=\"text-align: justify;\"><em>D\u2019une fa\u00e7on g\u00e9n\u00e9rale, les soins bien-\u00eatre agissent en pr\u00e9vention, et apportent une aide pr\u00e9cieuse pour passer des \u00e9tapes de vie difficiles, ou plus simplement pour accueillir le quotidien avec une plus grande s\u00e9r\u00e9nit\u00e9.<\/em><\/p>\n<\/div><\/div><footer class=\"entry-footer\"><\/footer><\/article><\/p>\n","protected":false},"excerpt":{"rendered":"","protected":false},"author":1,"featured_media":0,"parent":0,"menu_order":0,"comment_status":"closed","ping_status":"closed","template":"","meta":[],"yoast_head":"<!-- This site is optimized with the Yoast SEO plugin v16.2 - https:\/\/yoast.com\/wordpress\/plugins\/seo\/ -->\n<title>PRESTATIONS &#8902; LUMINESCENCE<\/title>\n<meta name=\"robots\" content=\"index, follow, max-snippet:-1, max-image-preview:large, max-video-preview:-1\" \/>\n<link rel=\"canonical\" href=\"https:\/\/luminescence77.fr\/index.php\/prestations\/\" \/>\n<meta property=\"og:locale\" content=\"fr_FR\" \/>\n<meta property=\"og:type\" content=\"article\" \/>\n<meta property=\"og:title\" content=\"PRESTATIONS &#8902; LUMINESCENCE\" \/>\n<meta property=\"og:url\" content=\"https:\/\/luminescence77.fr\/index.php\/prestations\/\" \/>\n<meta property=\"og:site_name\" content=\"LUMINESCENCE\" \/>\n<meta property=\"article:modified_time\" content=\"2021-10-18T07:39:08+00:00\" \/>\n<meta name=\"twitter:card\" content=\"summary_large_image\" \/>\n<meta name=\"twitter:label1\" content=\"Dur\u00e9e de lecture est.\">\n\t<meta name=\"twitter:data1\" content=\"4 minutes\">\n<script type=\"application\/ld+json\" class=\"yoast-schema-graph\">{\"@context\":\"https:\/\/schema.org\",\"@graph\":[{\"@type\":\"Organization\",\"@id\":\"https:\/\/luminescence77.fr\/#organization\",\"name\":\"LUMINESCENCE\",\"url\":\"https:\/\/luminescence77.fr\/\",\"sameAs\":[],\"logo\":{\"@type\":\"ImageObject\",\"@id\":\"https:\/\/luminescence77.fr\/#logo\",\"inLanguage\":\"fr-FR\",\"url\":\"http:\/\/luminescence77.fr\/wp-content\/uploads\/2017\/02\/LOGO-COUL-OK.png\",\"contentUrl\":\"http:\/\/luminescence77.fr\/wp-content\/uploads\/2017\/02\/LOGO-COUL-OK.png\",\"width\":1000,\"height\":803,\"caption\":\"LUMINESCENCE\"},\"image\":{\"@id\":\"https:\/\/luminescence77.fr\/#logo\"}},{\"@type\":\"WebSite\",\"@id\":\"https:\/\/luminescence77.fr\/#website\",\"url\":\"https:\/\/luminescence77.fr\/\",\"name\":\"LUMINESCENCE\",\"description\":\"LA THERAPIE DU BIEN-\\u00caTRE\",\"publisher\":{\"@id\":\"https:\/\/luminescence77.fr\/#organization\"},\"potentialAction\":[{\"@type\":\"SearchAction\",\"target\":\"https:\/\/luminescence77.fr\/?s={search_term_string}\",\"query-input\":\"required name=search_term_string\"}],\"inLanguage\":\"fr-FR\"},{\"@type\":\"WebPage\",\"@id\":\"https:\/\/luminescence77.fr\/index.php\/prestations\/#webpage\",\"url\":\"https:\/\/luminescence77.fr\/index.php\/prestations\/\",\"name\":\"PRESTATIONS &#8902; LUMINESCENCE\",\"isPartOf\":{\"@id\":\"https:\/\/luminescence77.fr\/#website\"},\"datePublished\":\"2017-12-01T12:03:48+00:00\",\"dateModified\":\"2021-10-18T07:39:08+00:00\",\"breadcrumb\":{\"@id\":\"https:\/\/luminescence77.fr\/index.php\/prestations\/#breadcrumb\"},\"inLanguage\":\"fr-FR\",\"potentialAction\":[{\"@type\":\"ReadAction\",\"target\":[\"https:\/\/luminescence77.fr\/index.php\/prestations\/\"]}]},{\"@type\":\"BreadcrumbList\",\"@id\":\"https:\/\/luminescence77.fr\/index.php\/prestations\/#breadcrumb\",\"itemListElement\":[{\"@type\":\"ListItem\",\"position\":1,\"item\":{\"@type\":\"WebPage\",\"@id\":\"https:\/\/luminescence77.fr\/\",\"url\":\"https:\/\/luminescence77.fr\/\",\"name\":\"Accueil\"}},{\"@type\":\"ListItem\",\"position\":2,\"item\":{\"@id\":\"https:\/\/luminescence77.fr\/index.php\/prestations\/#webpage\"}}]}]}<\/script>\n<!-- \/ Yoast SEO plugin. -->","_links":{"self":[{"href":"https:\/\/luminescence77.fr\/index.php\/wp-json\/wp\/v2\/pages\/3462"}],"collection":[{"href":"https:\/\/luminescence77.fr\/index.php\/wp-json\/wp\/v2\/pages"}],"about":[{"href":"https:\/\/luminescence77.fr\/index.php\/wp-json\/wp\/v2\/types\/page"}],"author":[{"embeddable":true,"href":"https:\/\/luminescence77.fr\/index.php\/wp-json\/wp\/v2\/users\/1"}],"replies":[{"embeddable":true,"href":"https:\/\/luminescence77.fr\/index.php\/wp-json\/wp\/v2\/comments?post=3462"}],"version-history":[{"count":44,"href":"https:\/\/luminescence77.fr\/index.php\/wp-json\/wp\/v2\/pages\/3462\/revisions"}],"predecessor-version":[{"id":3814,"href":"https:\/\/luminescence77.fr\/index.php\/wp-json\/wp\/v2\/pages\/3462\/revisions\/3814"}],"wp:attachment":[{"href":"https:\/\/luminescence77.fr\/index.php\/wp-json\/wp\/v2\/media?parent=3462"}],"curies":[{"name":"wp","href":"https:\/\/api.w.org\/{rel}","templated":true}]}}