{"id":206,"date":"2021-10-18T05:08:10","date_gmt":"2021-10-18T03:08:10","guid":{"rendered":"http:\/\/test.kriesi.at\/minimal-portfolio\/?page_id=9"},"modified":"2021-10-18T09:26:51","modified_gmt":"2021-10-18T07:26:51","slug":"accueil","status":"publish","type":"page","link":"https:\/\/luminescence77.fr\/","title":{"rendered":"ACCUEIL"},"content":{"rendered":"<div id='layer_slider_1' class='avia-layerslider main_color avia-shadow  container_wrap sidebar_right'    style='height: 851px;' ><\/div>\n<\/div><\/div><\/div><!-- close content main div --><\/div><\/div><div id='intro' class='avia-section main_color avia-section-default avia-no-border-styling avia-bg-style-scroll   container_wrap sidebar_right'   ><div class='container' ><div class='template-page content  av-content-small alpha units'><div class='post-entry post-entry-type-page post-entry-206'><div class='entry-content-wrapper clearfix'>\n<div class=\"flex_column av_one_fourth  flex_column_div av-zero-column-padding first  \" style='border-radius:0px; '><\/div><div class=\"flex_column av_one_half  flex_column_div av-zero-column-padding   \" style='border-radius:0px; '><div style='padding-bottom:20px;color:#c6a35c;font-size:40px;' class='av-special-heading av-special-heading-h2 custom-color-heading blockquote modern-quote modern-centered   av-inherit-size '><h2 class='av-special-heading-tag '  itemprop=\"headline\"  >\u1691 MASSAGES BIEN-\u00caTRE \u1691 SOINS \u00c9NERG\u00c9TIQUES \u1691 SOINS DU CORPS \u1691 RELAXATION \u1691<\/h2><div class='special-heading-border'><div class='special-heading-inner-border' style='border-color:#c6a35c'><\/div><\/div><\/div><\/div><div class=\"flex_column av_one_fourth  flex_column_div av-zero-column-padding   \" style='border-radius:0px; '><\/div><div class='avia-image-container  av-styling-    avia-align-center '  itemscope=\"itemscope\" itemtype=\"https:\/\/schema.org\/ImageObject\"  ><div class='avia-image-container-inner'><img class='avia_image ' src='https:\/\/luminescence77.fr\/wp-content\/uploads\/2017\/12\/picto-lotus-01-1.png' alt='' title='picto-lotus-01'   itemprop=\"thumbnailUrl\"  \/><\/div><\/div>\n<div style=' margin-top:30px; margin-bottom:30px;'  class='hr hr-custom hr-center hr-icon-no  '><span class='hr-inner   inner-border-av-border-fat' style=' width:50px; border-color:#8a7343;' ><span class='hr-inner-style'><\/span><\/span><\/div>\n<\/div><\/div><\/div><!-- close content main div --><\/div><div class='av-extra-border-element border-extra-arrow-down'><div class='av-extra-border-outer'><div class='av-extra-border-inner'  style='background-color:#ffffff;' ><\/div><\/div><\/div><\/div><div id='after_section_1' class='main_color av_default_container_wrap container_wrap sidebar_right'   ><div class='container' ><div class='template-page content  av-content-small alpha units'><div class='post-entry post-entry-type-page post-entry-206'><div class='entry-content-wrapper clearfix'>\n<\/div><\/div><\/div><!-- close content main div --><\/div><div class='av-extra-border-element border-extra-arrow-down'><div class='av-extra-border-outer'><div class='av-extra-border-inner'  style='background-color:#ffffff;' ><\/div><\/div><\/div><\/div><div id='feature-list' class='avia-section main_color avia-section-huge avia-no-border-styling avia-bg-style-scroll   container_wrap sidebar_right' style = 'background-color: #35383c; '  ><div class='container' ><div class='template-page content  av-content-small alpha units'><div class='post-entry post-entry-type-page post-entry-206'><div class='entry-content-wrapper clearfix'>\n<div style='padding-bottom:0px;color:#c6a35c;font-size:20px;' class='av-special-heading av-special-heading-h1 custom-color-heading blockquote modern-quote modern-centered   av-inherit-size '><h1 class='av-special-heading-tag '  itemprop=\"headline\"  >Annick est praticienne bien-\u00eatre et vous re\u00e7oit dans l\u2019ambiance zen et cosy de son salon Luminescence \u00e0 Melun.<\/h1><div class='special-heading-border'><div class='special-heading-inner-border' style='border-color:#c6a35c'><\/div><\/div><\/div>\n<div style='padding-bottom:0px;color:#c6a35c;font-size:20px;' class='av-special-heading av-special-heading-h1 custom-color-heading blockquote modern-quote modern-centered  av-inherit-size '><h1 class='av-special-heading-tag '  itemprop=\"headline\"  >Elle y propose des massages bien-\u00eatre, des soins \u00e9nerg\u00e9tiques, des soins du corps et des s\u00e9ances de relaxation.<\/h1><div class='special-heading-border'><div class='special-heading-inner-border' style='border-color:#c6a35c'><\/div><\/div><\/div>\n<div style='padding-bottom:0px;color:#c6a35c;font-size:20px;' class='av-special-heading av-special-heading-h1 custom-color-heading blockquote modern-quote modern-centered   av-inherit-size '><h1 class='av-special-heading-tag '  itemprop=\"headline\"  >Form\u00e9e au massage bien-\u00eatre \u00e0 Singapour en 1991, Annick pratique \u00e9galement reiki, magn\u00e9tisme et esth\u00e9tique du corps.<\/h1><div class='special-heading-border'><div class='special-heading-inner-border' style='border-color:#c6a35c'><\/div><\/div><\/div>\n<div style='padding-bottom:0px;color:#c6a35c;font-size:30px;' class='av-special-heading av-special-heading-h1 custom-color-heading blockquote modern-quote modern-centered   av-inherit-size '><h1 class='av-special-heading-tag '  itemprop=\"headline\"  > <\/h1><div class='special-heading-border'><div class='special-heading-inner-border' style='border-color:#c6a35c'><\/div><\/div><\/div>\n<div style=' margin-top:30px; margin-bottom:30px;'  class='hr hr-custom hr-center hr-icon-no  '><span class='hr-inner   inner-border-av-border-fat' style=' width:50px; border-color:#8a7343;' ><span class='hr-inner-style'><\/span><\/span><\/div>\n<div style='padding-bottom:0px;color:#c6a35c;font-size:80px;' class='av-special-heading av-special-heading-h1 custom-color-heading blockquote modern-quote modern-centered   av-inherit-size '><h1 class='av-special-heading-tag '  itemprop=\"headline\"  > <\/h1><div class='special-heading-border'><div class='special-heading-inner-border' style='border-color:#c6a35c'><\/div><\/div><\/div>\n<div class='avia-button-wrap avia-button-center '><a href='https:\/\/luminescence77.fr\/index.php\/rendez-vous\/' class='avia-button   avia-icon_select-no avia-color-light avia-size-large avia-position-center '   ><span class='avia_iconbox_title' >Prendre un rendez-vous<\/span><\/a><\/div>\n<\/div><\/div><\/div><!-- close content main div --><\/div><div class='av-extra-border-element border-extra-arrow-down'><div class='av-extra-border-outer'><div class='av-extra-border-inner'  style='background-color:#35383c;' ><\/div><\/div><\/div><\/div><div id='after_section_2' class='main_color av_default_container_wrap container_wrap sidebar_right'   ><div class='container' ><div class='template-page content  av-content-small alpha units'><div class='post-entry post-entry-type-page post-entry-206'><div class='entry-content-wrapper clearfix'>\n<\/div><\/div><\/div><!-- close content main div --><\/div><div class='av-extra-border-element border-extra-arrow-down'><div class='av-extra-border-outer'><div class='av-extra-border-inner'  style='background-color:#35383c;' ><\/div><\/div><\/div><\/div><div id='demos' class='avia-section main_color avia-section-huge avia-no-border-styling avia-full-contain avia-bg-style-scroll   container_wrap sidebar_right' style = 'background-repeat: no-repeat; background-image: url(https:\/\/luminescence77.fr\/wp-content\/uploads\/2017\/12\/DSC6212HORIZONTAL-1030x838.jpg); background-attachment: scroll; background-position: center left; ' data-section-bg-repeat='contain' ><div class='container' ><div class='template-page content  av-content-small alpha units'><div class='post-entry post-entry-type-page post-entry-206'><div class='entry-content-wrapper clearfix'>\n<div class=\"flex_column av_one_half  av-animated-generic left-to-right  no_margin flex_column_div av-zero-column-padding first  \" style='margin-top:50px; margin-bottom:50px; border-radius:0px; '><\/div><div class=\"flex_column av_one_half  av-animated-generic left-to-right  no_margin flex_column_div   \" style='margin-top:50px; margin-bottom:50px; padding:50px; background-color:rgba(255,255,255,0.85); border-radius:0px; '><p><div style='padding-bottom:20px;color:#35383c;font-size:40px;' class='av-special-heading av-special-heading-h1 custom-color-heading blockquote modern-quote   av-inherit-size '><h1 class='av-special-heading-tag '  itemprop=\"headline\"  >Offre de Bienvenue<\/h1><div class='special-heading-border'><div class='special-heading-inner-border' style='border-color:#35383c'><\/div><\/div><\/div><br \/>\n<section class=\"av_textblock_section \"  itemscope=\"itemscope\" itemtype=\"https:\/\/schema.org\/CreativeWork\" ><div class='avia_textblock  '   itemprop=\"text\" ><h2 style=\"text-align: left;\"><span style=\"color: #333333;\"><strong>Un compl\u00e9ment offert, pour votre premier massage !<\/strong><\/span><\/h2>\n<p style=\"text-align: left;\"><span style=\"color: #333333;\">Il s&rsquo;agit d&rsquo;une prestation d&rsquo;une dizaine de minutes, qui compl\u00e8tera \u00e0 merveille votre soin :<\/span><br \/>\n<span style=\"color: #333333;\"> apaisement, s\u00e9r\u00e9nit\u00e9, l\u00e9g\u00e8ret\u00e9, lib\u00e9ration \u00e9motionnelle &#8230; chacun peut en ressentir le b\u00e9n\u00e9fice!<\/span><br \/>\n<span style=\"color: #333333;\"> Et c&rsquo;est peut-\u00eatre pour vous l&rsquo;occasion de d\u00e9couvrir les bienfaits d&rsquo;un soin \u00e9nerg\u00e9tique !<\/span><\/p>\n<\/div><\/section><br \/>\n<div style='height:30px' class='hr hr-invisible  '><span class='hr-inner ' ><span class='hr-inner-style'><\/span><\/span><\/div><br \/>\n<div class='avia-button-wrap avia-button-left '><a href='https:\/\/luminescence77.fr\/index.php\/offre-du-moment\/' class='avia-button   avia-icon_select-no avia-color-theme-color avia-size-medium avia-position-left '   ><span class='avia_iconbox_title' >Voir l\u2019offre du moment<\/span><\/a><\/div><\/p><\/div><\/div><\/div><\/div><!-- close content main div --><\/div><div class='av-extra-border-element border-extra-arrow-down'><div class='av-extra-border-outer'><div class='av-extra-border-inner'  style='background-color:#ffffff;' ><\/div><\/div><\/div><\/div><div id='after_section_3' class='main_color av_default_container_wrap container_wrap sidebar_right'   ><div class='container' ><div class='template-page content  av-content-small alpha units'><div class='post-entry post-entry-type-page post-entry-206'><div class='entry-content-wrapper clearfix'><\/div><\/div><\/div><!-- close content main div --><\/div><div class='av-extra-border-element border-extra-arrow-down'><div class='av-extra-border-outer'><div class='av-extra-border-inner'  style='background-color:#ffffff;' ><\/div><\/div><\/div><\/div><div id='newsletter' class='avia-section main_color avia-section-huge avia-no-border-styling avia-full-stretch av-section-color-overlay-active avia-bg-style-fixed   container_wrap sidebar_right' style = 'background-repeat: no-repeat; background-image: url(https:\/\/luminescence77.fr\/wp-content\/uploads\/2017\/12\/DSC6202-1030x689.jpg); background-attachment: fixed; background-position: center center; ' data-section-bg-repeat='stretch' ><div class='av-section-color-overlay-wrap'><div class='av-section-color-overlay' style='opacity: 0.9; background-color: #35383c; '><\/div><div class='container' ><div class='template-page content  av-content-small alpha units'><div class='post-entry post-entry-type-page post-entry-206'><div class='entry-content-wrapper clearfix'>\n<div style='padding-bottom:20px;color:#ffffff;font-size:40px;' class='av-special-heading av-special-heading-h1 custom-color-heading blockquote modern-quote modern-centered   av-inherit-size '><h1 class='av-special-heading-tag '  itemprop=\"headline\"  >Me contacter<\/h1><div class='special-heading-border'><div class='special-heading-inner-border' style='border-color:#ffffff'><\/div><\/div><\/div>\n<div class='avia-image-container  av-styling-    avia-align-center '  itemscope=\"itemscope\" itemtype=\"https:\/\/schema.org\/ImageObject\"  ><div class='avia-image-container-inner'><img class='avia_image ' src='https:\/\/luminescence77.fr\/wp-content\/uploads\/2017\/12\/picto-lotus-01-1.png' alt='' title='picto-lotus-01'   itemprop=\"thumbnailUrl\"  \/><\/div><\/div>\n<div style='height:30px' class='hr hr-invisible  '><span class='hr-inner ' ><span class='hr-inner-style'><\/span><\/span><\/div>\n<div class=\"flex_column av_one_half  av-animated-generic fade-in  flex_column_div first  \" style='padding:20px; background-color:#ffffff; border-radius:10px; '><p><span class=\"av_font_icon avia_animate_when_visible  av-icon-style-  av-no-color avia-icon-pos-center \" style=\"\"><span class='av-icon-char' style='font-size:40px;line-height:40px;' aria-hidden='true' data-av_icon='\ue854' data-av_iconfont='entypo-fontello' ><\/span><\/span><br \/>\n<section class=\"av_textblock_section \"  itemscope=\"itemscope\" itemtype=\"https:\/\/schema.org\/CreativeWork\" ><div class='avia_textblock  '   itemprop=\"text\" ><p style=\"text-align: center;\"><b>PAR T\u00c9L\u00c9PHONE\u00a0\/ SMS<\/b><\/p>\n<p style=\"text-align: center;\">t\u00e9l. : 06 40 89 12 71<\/p>\n<\/div><\/section><\/p><\/div><div class=\"flex_column av_one_half  av-animated-generic fade-in  flex_column_div   \" style='padding:20px; background-color:#ffffff; border-radius:10px; '><p><span class=\"av_font_icon avia_animate_when_visible  av-icon-style-  av-no-color avia-icon-pos-center \" style=\"\"><span class='av-icon-char' style='font-size:40px;line-height:40px;' aria-hidden='true' data-av_icon='\ue805' data-av_iconfont='entypo-fontello' ><\/span><\/span><br \/>\n<section class=\"av_textblock_section \"  itemscope=\"itemscope\" itemtype=\"https:\/\/schema.org\/CreativeWork\" ><div class='avia_textblock  '   itemprop=\"text\" ><p style=\"text-align: center;\"><b>VIA LE FORMULAIRE DE CONTACT<\/b><\/p>\n<div class='avia-button-wrap avia-button-center '><a href='https:\/\/luminescence77.fr\/index.php\/pages\/contact\/' class='avia-button   avia-icon_select- avia-color-theme-color avia-size-small avia-position-center '   ><span class='avia_iconbox_title' >Contact<\/span><\/a><\/div>\n<\/div><\/section><\/p><\/div>\n<\/div><\/div><\/div><!-- close content main div --><\/div><\/div><\/div><div id='after_section_4' class='main_color av_default_container_wrap container_wrap sidebar_right'   ><div class='container' ><div class='template-page content  av-content-small alpha units'><div class='post-entry post-entry-type-page post-entry-206'><div class='entry-content-wrapper clearfix'><\/p>\n<div style='height:30px' class='hr hr-invisible  '><span class='hr-inner ' ><span class='hr-inner-style'><\/span><\/span><\/div>\n<div style='padding-bottom:20px;color:#35383c;font-size:40px;' class='av-special-heading av-special-heading-h1 custom-color-heading blockquote modern-quote modern-centered   av-inherit-size '><h1 class='av-special-heading-tag '  itemprop=\"headline\"  >O\u00f9 suis-je ?<\/h1><div class='special-heading-border'><div class='special-heading-inner-border' style='border-color:#35383c'><\/div><\/div><\/div>\n<div class='avia-image-container  av-styling-    avia-align-center '  itemscope=\"itemscope\" itemtype=\"https:\/\/schema.org\/ImageObject\"  ><div class='avia-image-container-inner'><img class='avia_image ' src='https:\/\/luminescence77.fr\/wp-content\/uploads\/2017\/12\/picto-lotus-01-1.png' alt='' title='picto-lotus-01'   itemprop=\"thumbnailUrl\"  \/><\/div><\/div>\n<div style='height:30px' class='hr hr-invisible  '><span class='hr-inner ' ><span class='hr-inner-style'><\/span><\/span><\/div>\n<section class=\"av_textblock_section \"  itemscope=\"itemscope\" itemtype=\"https:\/\/schema.org\/CreativeWork\" ><div class='avia_textblock  '   itemprop=\"text\" ><p style=\"text-align: center;\"><strong>GALERIE SAINT-ASPAIS<\/strong><\/p>\n<p style=\"text-align: center;\"><strong>14 rue Saint-Aspais <\/strong><\/p>\n<p style=\"text-align: center;\"><strong>77000 Melun<\/strong><\/p>\n<section class=\"av_textblock_section \">\n<div class=\"avia_textblock av_inherit_color \"><\/div>\n<\/section>\n<section class=\"av_textblock_section \">\n<div class=\"avia_textblock av_inherit_color \">\n<p style=\"text-align: center;\">\n<\/div>\n<\/section>\n<\/div><\/section>\n<div id='av_gmap_1' class='avia-google-map-container ' data-mapid='1' style='height: 400px;'><\/div>\n","protected":false},"excerpt":{"rendered":"","protected":false},"author":1,"featured_media":0,"parent":0,"menu_order":0,"comment_status":"open","ping_status":"closed","template":"","meta":[],"yoast_head":"<!-- This site is optimized with the Yoast SEO plugin v16.2 - https:\/\/yoast.com\/wordpress\/plugins\/seo\/ -->\n<title>ACCUEIL &#8902; LUMINESCENCE<\/title>\n<meta name=\"robots\" content=\"index, follow, max-snippet:-1, max-image-preview:large, max-video-preview:-1\" \/>\n<link rel=\"canonical\" href=\"https:\/\/luminescence77.fr\/\" \/>\n<meta property=\"og:locale\" content=\"fr_FR\" \/>\n<meta property=\"og:type\" content=\"article\" \/>\n<meta property=\"og:title\" content=\"ACCUEIL &#8902; LUMINESCENCE\" \/>\n<meta property=\"og:url\" content=\"https:\/\/luminescence77.fr\/\" \/>\n<meta property=\"og:site_name\" content=\"LUMINESCENCE\" \/>\n<meta property=\"article:modified_time\" content=\"2021-10-18T07:26:51+00:00\" \/>\n<meta name=\"twitter:card\" content=\"summary_large_image\" \/>\n<meta name=\"twitter:label1\" content=\"Dur\u00e9e de lecture est.\">\n\t<meta name=\"twitter:data1\" content=\"4 minutes\">\n<script type=\"application\/ld+json\" class=\"yoast-schema-graph\">{\"@context\":\"https:\/\/schema.org\",\"@graph\":[{\"@type\":\"Organization\",\"@id\":\"https:\/\/luminescence77.fr\/#organization\",\"name\":\"LUMINESCENCE\",\"url\":\"https:\/\/luminescence77.fr\/\",\"sameAs\":[],\"logo\":{\"@type\":\"ImageObject\",\"@id\":\"https:\/\/luminescence77.fr\/#logo\",\"inLanguage\":\"fr-FR\",\"url\":\"http:\/\/luminescence77.fr\/wp-content\/uploads\/2017\/02\/LOGO-COUL-OK.png\",\"contentUrl\":\"http:\/\/luminescence77.fr\/wp-content\/uploads\/2017\/02\/LOGO-COUL-OK.png\",\"width\":1000,\"height\":803,\"caption\":\"LUMINESCENCE\"},\"image\":{\"@id\":\"https:\/\/luminescence77.fr\/#logo\"}},{\"@type\":\"WebSite\",\"@id\":\"https:\/\/luminescence77.fr\/#website\",\"url\":\"https:\/\/luminescence77.fr\/\",\"name\":\"LUMINESCENCE\",\"description\":\"LA THERAPIE DU BIEN-\\u00caTRE\",\"publisher\":{\"@id\":\"https:\/\/luminescence77.fr\/#organization\"},\"potentialAction\":[{\"@type\":\"SearchAction\",\"target\":\"https:\/\/luminescence77.fr\/?s={search_term_string}\",\"query-input\":\"required name=search_term_string\"}],\"inLanguage\":\"fr-FR\"},{\"@type\":\"WebPage\",\"@id\":\"https:\/\/luminescence77.fr\/#webpage\",\"url\":\"https:\/\/luminescence77.fr\/\",\"name\":\"ACCUEIL &#8902; LUMINESCENCE\",\"isPartOf\":{\"@id\":\"https:\/\/luminescence77.fr\/#website\"},\"datePublished\":\"2021-10-18T03:08:10+00:00\",\"dateModified\":\"2021-10-18T07:26:51+00:00\",\"breadcrumb\":{\"@id\":\"https:\/\/luminescence77.fr\/#breadcrumb\"},\"inLanguage\":\"fr-FR\",\"potentialAction\":[{\"@type\":\"ReadAction\",\"target\":[\"https:\/\/luminescence77.fr\/\"]}]},{\"@type\":\"BreadcrumbList\",\"@id\":\"https:\/\/luminescence77.fr\/#breadcrumb\",\"itemListElement\":[{\"@type\":\"ListItem\",\"position\":1,\"item\":{\"@type\":\"WebPage\",\"@id\":\"https:\/\/luminescence77.fr\/\",\"url\":\"https:\/\/luminescence77.fr\/\",\"name\":\"Accueil\"}},{\"@type\":\"ListItem\",\"position\":2,\"item\":{\"@id\":\"https:\/\/luminescence77.fr\/#webpage\"}}]}]}<\/script>\n<!-- \/ Yoast SEO plugin. -->","_links":{"self":[{"href":"https:\/\/luminescence77.fr\/index.php\/wp-json\/wp\/v2\/pages\/206"}],"collection":[{"href":"https:\/\/luminescence77.fr\/index.php\/wp-json\/wp\/v2\/pages"}],"about":[{"href":"https:\/\/luminescence77.fr\/index.php\/wp-json\/wp\/v2\/types\/page"}],"author":[{"embeddable":true,"href":"https:\/\/luminescence77.fr\/index.php\/wp-json\/wp\/v2\/users\/1"}],"replies":[{"embeddable":true,"href":"https:\/\/luminescence77.fr\/index.php\/wp-json\/wp\/v2\/comments?post=206"}],"version-history":[{"count":102,"href":"https:\/\/luminescence77.fr\/index.php\/wp-json\/wp\/v2\/pages\/206\/revisions"}],"predecessor-version":[{"id":3813,"href":"https:\/\/luminescence77.fr\/index.php\/wp-json\/wp\/v2\/pages\/206\/revisions\/3813"}],"wp:attachment":[{"href":"https:\/\/luminescence77.fr\/index.php\/wp-json\/wp\/v2\/media?parent=206"}],"curies":[{"name":"wp","href":"https:\/\/api.w.org\/{rel}","templated":true}]}}